{"id":4108,"date":"2021-08-06T09:56:30","date_gmt":"2021-08-06T07:56:30","guid":{"rendered":"https:\/\/cpc-pharma.com\/?page_id=4108"},"modified":"2021-09-28T17:46:43","modified_gmt":"2021-09-28T15:46:43","slug":"dossiers-sante","status":"publish","type":"page","link":"https:\/\/karesantegroupe.com\/es\/dossiers-sante\/","title":{"rendered":"Dossiers Sant\u00e9"},"content":{"rendered":"<div id='full_slider_1'  class='avia-fullwidth-slider main_color avia-shadow   avia-builder-el-0  el_before_av_one_full  avia-builder-el-first   container_wrap sidebar_right' style=' '  ><div   data-size='no scaling'  data-lightbox_size='large'  data-animation='slide'  data-conditional_play=''  data-ids='4793'  data-video_counter='0'  data-autoplay='false'  data-bg_slider='false'  data-slide_height=''  data-handle='av_slideshow_full'  data-interval='5'  data-class=' '  data-el_id=''  data-css_id=''  data-scroll_down=''  data-control_layout='av-control-minimal'  data-custom_markup=''  data-perma_caption=''  data-autoplay_stopper=''  data-image_attachment=''  data-min_height='0px'  data-lazy_loading='disabled'  data-src=''  data-position='top left'  data-repeat='no-repeat'  data-attach='scroll'  data-stretch=''  class='avia-slideshow avia-slideshow-1  av-control-minimal avia-slideshow-no scaling av_slideshow_full   avia-slide-slider'  itemprop=\"image\" itemscope=\"itemscope\" itemtype=\"https:\/\/schema.org\/ImageObject\" ><ul class='avia-slideshow-inner'  ><\/ul><\/div><\/div><div id='after_full_slider_1'  class='main_color av_default_container_wrap container_wrap sidebar_right' style=' '  ><div class='container' ><div class='template-page content  av-content-small alpha units'><div class='post-entry post-entry-type-page post-entry-4108'><div class='entry-content-wrapper clearfix'>\n<div class=\"flex_column av_one_full  flex_column_div av-zero-column-padding first  avia-builder-el-1  el_after_av_slideshow_full  avia-builder-el-no-sibling\" style='border-radius:0px; '><div  class='av-alb-blogposts template-blog  av-blog-meta-author-disabled av-blog-meta-comments-disabled av-blog-meta-tag-disabled'  itemscope=\"itemscope\" itemtype=\"https:\/\/schema.org\/Blog\" ><article class='post-entry post-entry-type-standard post-entry-7764 post-loop-1 post-parity-odd single-big  post-7764 post type-post status-publish format-standard hentry category-dossier-sante'  itemscope=\"itemscope\" itemtype=\"https:\/\/schema.org\/BlogPosting\" ><div class='blog-meta'><\/div><div class='entry-content-wrapper clearfix standard-content'><header class=\"entry-content-header\"><h2 class='post-title entry-title'  itemprop=\"headline\" ><a href='https:\/\/karesantegroupe.com\/es\/de-nouveaux-medicaments-en-libre-acces\/' rel='bookmark' title='Enlace permanente: De nouveaux m\u00e9dicaments en libre acc\u00e8s'>De nouveaux m\u00e9dicaments en libre acc\u00e8s<span class='post-format-icon minor-meta'><\/span><\/a><\/h2><span class='post-meta-infos'><time class='date-container minor-meta updated' >11 enero 2023<\/time><span class='text-sep text-sep-date'>\/<\/span><span class=\"blog-categories minor-meta\">en <a href=\"https:\/\/karesantegroupe.com\/es\/category\/dossier-sante\/\" rel=\"tag\">Dossier Sant\u00e9<\/a> <\/span><span class=\"text-sep text-sep-cat\">\/<\/span><span class=\"blog-author minor-meta\">por <span class=\"entry-author-link\"  itemprop=\"author\" ><span class=\"author\"><span class=\"fn\"><a href=\"https:\/\/karesantegroupe.com\/es\/author\/m-waguet\/\" title=\"Entradas de Manon Waguet\" rel=\"author\">Manon Waguet<\/a><\/span><\/span><\/span><\/span><\/span><\/header><div class=\"entry-content\"  itemprop=\"text\" ><div class=\"read-more-link\"><a href=\"https:\/\/karesantegroupe.com\/es\/de-nouveaux-medicaments-en-libre-acces\/\" class=\"more-link\">Leer m\u00e1s<span class=\"more-link-arrow\"><\/span><\/a><\/div>\n<\/div><footer class=\"entry-footer\"><\/footer><div class='post_delimiter'><\/div><\/div><div class='post_author_timeline'><\/div><span class='hidden'>\n\t\t\t\t<span class='av-structured-data'  itemprop=\"image\" itemscope=\"itemscope\" itemtype=\"https:\/\/schema.org\/ImageObject\" >\n\t\t\t\t\t\t<span itemprop='url'>https:\/\/karesantegroupe.com\/wp-content\/uploads\/2025\/10\/KARE-SANTE_HORIZONTAL_COULEURS-300x111.png<\/span>\n\t\t\t\t\t\t<span itemprop='height'>0<\/span>\n\t\t\t\t\t\t<span itemprop='width'>0<\/span>\n\t\t\t\t<\/span>\n\t\t\t\t<span class='av-structured-data'  itemprop=\"publisher\" itemtype=\"https:\/\/schema.org\/Organization\" itemscope=\"itemscope\" >\n\t\t\t\t\t\t<span itemprop='name'>Manon Waguet<\/span>\n\t\t\t\t\t\t<span itemprop='logo' itemscope itemtype='https:\/\/schema.org\/ImageObject'>\n\t\t\t\t\t\t\t<span itemprop='url'>https:\/\/karesantegroupe.com\/wp-content\/uploads\/2025\/10\/KARE-SANTE_HORIZONTAL_COULEURS-300x111.png<\/span>\n\t\t\t\t\t\t <\/span>\n\t\t\t\t<\/span><span class='av-structured-data'  itemprop=\"author\" itemscope=\"itemscope\" itemtype=\"https:\/\/schema.org\/Person\" ><span itemprop='name'>Manon Waguet<\/span><\/span><span class='av-structured-data'  itemprop=\"datePublished\" datetime=\"2023-01-11T10:51:08+01:00\" >2023-01-11 10:51:08<\/span><span class='av-structured-data'  itemprop=\"dateModified\" itemtype=\"https:\/\/schema.org\/dateModified\" >2023-01-11 10:51:10<\/span><span class='av-structured-data'  itemprop=\"mainEntityOfPage\" itemtype=\"https:\/\/schema.org\/mainEntityOfPage\" ><span itemprop='name'>De nouveaux m\u00e9dicaments en libre acc\u00e8s<\/span><\/span><\/span><\/article><article class='post-entry post-entry-type-standard post-entry-7568 post-loop-2 post-parity-even single-big  post-7568 post type-post status-publish format-standard hentry category-dossier-sante'  itemscope=\"itemscope\" itemtype=\"https:\/\/schema.org\/BlogPosting\" ><div class='blog-meta'><\/div><div class='entry-content-wrapper clearfix standard-content'><header class=\"entry-content-header\"><h2 class='post-title entry-title'  itemprop=\"headline\" ><a href='https:\/\/karesantegroupe.com\/es\/preservatifs-gratuits-pour-les-moins-de-26-ans\/' rel='bookmark' title='Enlace permanente: Moins de 26 ans, des pr\u00e9servatifs gratuits en pharmacie'>Moins de 26 ans, des pr\u00e9servatifs gratuits en pharmacie<span class='post-format-icon minor-meta'><\/span><\/a><\/h2><span class='post-meta-infos'><time class='date-container minor-meta updated' >5 enero 2023<\/time><span class='text-sep text-sep-date'>\/<\/span><span class=\"blog-categories minor-meta\">en <a href=\"https:\/\/karesantegroupe.com\/es\/category\/dossier-sante\/\" rel=\"tag\">Dossier Sant\u00e9<\/a> <\/span><span class=\"text-sep text-sep-cat\">\/<\/span><span class=\"blog-author minor-meta\">por <span class=\"entry-author-link\"  itemprop=\"author\" ><span class=\"author\"><span class=\"fn\"><a href=\"https:\/\/karesantegroupe.com\/es\/author\/m-waguet\/\" title=\"Entradas de Manon Waguet\" rel=\"author\">Manon Waguet<\/a><\/span><\/span><\/span><\/span><\/span><\/header><div class=\"entry-content\"  itemprop=\"text\" ><div class=\"read-more-link\"><a href=\"https:\/\/karesantegroupe.com\/es\/preservatifs-gratuits-pour-les-moins-de-26-ans\/\" class=\"more-link\">Leer m\u00e1s<span class=\"more-link-arrow\"><\/span><\/a><\/div>\n<\/div><footer class=\"entry-footer\"><\/footer><div class='post_delimiter'><\/div><\/div><div class='post_author_timeline'><\/div><span class='hidden'>\n\t\t\t\t<span class='av-structured-data'  itemprop=\"image\" itemscope=\"itemscope\" itemtype=\"https:\/\/schema.org\/ImageObject\" >\n\t\t\t\t\t\t<span itemprop='url'>https:\/\/karesantegroupe.com\/wp-content\/uploads\/2025\/10\/KARE-SANTE_HORIZONTAL_COULEURS-300x111.png<\/span>\n\t\t\t\t\t\t<span itemprop='height'>0<\/span>\n\t\t\t\t\t\t<span itemprop='width'>0<\/span>\n\t\t\t\t<\/span>\n\t\t\t\t<span class='av-structured-data'  itemprop=\"publisher\" itemtype=\"https:\/\/schema.org\/Organization\" itemscope=\"itemscope\" >\n\t\t\t\t\t\t<span itemprop='name'>Manon Waguet<\/span>\n\t\t\t\t\t\t<span itemprop='logo' itemscope itemtype='https:\/\/schema.org\/ImageObject'>\n\t\t\t\t\t\t\t<span itemprop='url'>https:\/\/karesantegroupe.com\/wp-content\/uploads\/2025\/10\/KARE-SANTE_HORIZONTAL_COULEURS-300x111.png<\/span>\n\t\t\t\t\t\t <\/span>\n\t\t\t\t<\/span><span class='av-structured-data'  itemprop=\"author\" itemscope=\"itemscope\" itemtype=\"https:\/\/schema.org\/Person\" ><span itemprop='name'>Manon Waguet<\/span><\/span><span class='av-structured-data'  itemprop=\"datePublished\" datetime=\"2023-01-05T12:26:51+01:00\" >2023-01-05 12:26:51<\/span><span class='av-structured-data'  itemprop=\"dateModified\" itemtype=\"https:\/\/schema.org\/dateModified\" >2023-01-05 12:29:23<\/span><span class='av-structured-data'  itemprop=\"mainEntityOfPage\" itemtype=\"https:\/\/schema.org\/mainEntityOfPage\" ><span itemprop='name'>Moins de 26 ans, des pr\u00e9servatifs gratuits en pharmacie<\/span><\/span><\/span><\/article><article class='post-entry post-entry-type-standard post-entry-6431 post-loop-3 post-parity-odd post-entry-last single-big  post-6431 post type-post status-publish format-standard hentry category-dossier-sante'  itemscope=\"itemscope\" itemtype=\"https:\/\/schema.org\/BlogPosting\" ><div class='blog-meta'><\/div><div class='entry-content-wrapper clearfix standard-content'><header class=\"entry-content-header\"><h2 class='post-title entry-title'  itemprop=\"headline\" ><a href='https:\/\/karesantegroupe.com\/es\/la-has-recommande-une-campagne-vaccinale-a-lautomne-2022-pour-les-personnes-les-plus-fragiles\/' rel='bookmark' title='Enlace permanente: La HAS recommande une campagne vaccinale \u00e0 l\u2019automne 2022 pour les personnes les plus fragiles.'>La HAS recommande une campagne vaccinale \u00e0 l\u2019automne 2022 pour les personnes les plus fragiles.<span class='post-format-icon minor-meta'><\/span><\/a><\/h2><span class='post-meta-infos'><time class='date-container minor-meta updated' >9 junio 2022<\/time><span class='text-sep text-sep-date'>\/<\/span><span class=\"blog-categories minor-meta\">en <a href=\"https:\/\/karesantegroupe.com\/es\/category\/dossier-sante\/\" rel=\"tag\">Dossier Sant\u00e9<\/a> <\/span><span class=\"text-sep text-sep-cat\">\/<\/span><span class=\"blog-author minor-meta\">por <span class=\"entry-author-link\"  itemprop=\"author\" ><span class=\"author\"><span class=\"fn\"><a href=\"https:\/\/karesantegroupe.com\/es\/author\/g-rouberol\/\" title=\"Entradas de Gabriel Rouberol\" rel=\"author\">Gabriel Rouberol<\/a><\/span><\/span><\/span><\/span><\/span><\/header><div class=\"entry-content\"  itemprop=\"text\" ><p>En pr\u00e9vision d\u2019un variant qui pourrait refaire surface \u00e0 l\u2019automne, la Haute Autorit\u00e9 de Sant\u00e9 pr\u00e9voit une strat\u00e9gie vaccinale de lutte contre le Covid-19 bas\u00e9e sur la r\u00e9\u00e9mergence r\u00e9guli\u00e8re du virus. Par cons\u00e9quent, elle recommande de se faire vacciner \u00e0 l\u2019automne pour les personnes les plus vuln\u00e9rables (les plus de 65 ans, les immunod\u00e9prim\u00e9s et leur entourage).<\/p>\n<div class=\"read-more-link\"><a href=\"https:\/\/karesantegroupe.com\/es\/la-has-recommande-une-campagne-vaccinale-a-lautomne-2022-pour-les-personnes-les-plus-fragiles\/\" class=\"more-link\">Leer m\u00e1s<span class=\"more-link-arrow\"><\/span><\/a><\/div>\n<\/div><footer class=\"entry-footer\"><\/footer><div class='post_delimiter'><\/div><\/div><div class='post_author_timeline'><\/div><span class='hidden'>\n\t\t\t\t<span class='av-structured-data'  itemprop=\"image\" itemscope=\"itemscope\" itemtype=\"https:\/\/schema.org\/ImageObject\" >\n\t\t\t\t\t\t<span itemprop='url'>https:\/\/karesantegroupe.com\/wp-content\/uploads\/2025\/10\/KARE-SANTE_HORIZONTAL_COULEURS-300x111.png<\/span>\n\t\t\t\t\t\t<span itemprop='height'>0<\/span>\n\t\t\t\t\t\t<span itemprop='width'>0<\/span>\n\t\t\t\t<\/span>\n\t\t\t\t<span class='av-structured-data'  itemprop=\"publisher\" itemtype=\"https:\/\/schema.org\/Organization\" itemscope=\"itemscope\" >\n\t\t\t\t\t\t<span itemprop='name'>Gabriel Rouberol<\/span>\n\t\t\t\t\t\t<span itemprop='logo' itemscope itemtype='https:\/\/schema.org\/ImageObject'>\n\t\t\t\t\t\t\t<span itemprop='url'>https:\/\/karesantegroupe.com\/wp-content\/uploads\/2025\/10\/KARE-SANTE_HORIZONTAL_COULEURS-300x111.png<\/span>\n\t\t\t\t\t\t <\/span>\n\t\t\t\t<\/span><span class='av-structured-data'  itemprop=\"author\" itemscope=\"itemscope\" itemtype=\"https:\/\/schema.org\/Person\" ><span itemprop='name'>Gabriel Rouberol<\/span><\/span><span class='av-structured-data'  itemprop=\"datePublished\" datetime=\"2022-06-09T14:34:47+02:00\" >2022-06-09 14:34:47<\/span><span class='av-structured-data'  itemprop=\"dateModified\" itemtype=\"https:\/\/schema.org\/dateModified\" >2022-06-09 14:40:13<\/span><span class='av-structured-data'  itemprop=\"mainEntityOfPage\" itemtype=\"https:\/\/schema.org\/mainEntityOfPage\" ><span itemprop='name'>La HAS recommande une campagne vaccinale \u00e0 l\u2019automne 2022 pour les personnes les plus fragiles.<\/span><\/span><\/span><\/article><div class='single-big'><nav class='pagination'><span class='pagination-meta'>P\u00e1gina 1 de 3<\/span><span class='current'>1<\/span><a href='https:\/\/karesantegroupe.com\/es\/wp-json\/wp\/v2\/pages\/4108\/page\/2\/' class='inactive next_page' >2<\/a><a href='https:\/\/karesantegroupe.com\/es\/wp-json\/wp\/v2\/pages\/4108\/page\/3\/' class='inactive' >3<\/a><\/nav>\n<\/div><\/div><\/div>","protected":false},"excerpt":{"rendered":"","protected":false},"author":1,"featured_media":0,"parent":0,"menu_order":0,"comment_status":"closed","ping_status":"closed","template":"","meta":{"footnotes":""},"class_list":["post-4108","page","type-page","status-publish","hentry"],"yoast_head":"<!-- This site is optimized with the Yoast SEO plugin v27.4 - https:\/\/yoast.com\/product\/yoast-seo-wordpress\/ -->\n<title>Dossiers Sant\u00e9 - Kare Sant\u00e9 Groupe<\/title>\n<meta name=\"robots\" content=\"index, follow, max-snippet:-1, max-image-preview:large, max-video-preview:-1\" \/>\n<link rel=\"canonical\" href=\"https:\/\/karesantegroupe.com\/es\/dossiers-sante\/\" \/>\n<meta property=\"og:locale\" content=\"es_ES\" \/>\n<meta property=\"og:type\" content=\"article\" \/>\n<meta property=\"og:title\" content=\"Dossiers Sant\u00e9 - Kare Sant\u00e9 Groupe\" \/>\n<meta property=\"og:url\" content=\"https:\/\/karesantegroupe.com\/es\/dossiers-sante\/\" \/>\n<meta property=\"og:site_name\" content=\"Kare Sant\u00e9 Groupe\" \/>\n<meta property=\"article:publisher\" content=\"https:\/\/www.facebook.com\/people\/Cartepharmaclub\/100083269878462\/\" \/>\n<meta property=\"article:modified_time\" content=\"2021-09-28T15:46:43+00:00\" \/>\n<meta name=\"twitter:card\" content=\"summary_large_image\" \/>\n<meta name=\"twitter:label1\" content=\"Tiempo de lectura\" \/>\n\t<meta name=\"twitter:data1\" content=\"1 minuto\" \/>\n<script type=\"application\/ld+json\" class=\"yoast-schema-graph\">{\"@context\":\"https:\\\/\\\/schema.org\",\"@graph\":[{\"@type\":\"WebPage\",\"@id\":\"https:\\\/\\\/karesantegroupe.com\\\/dossiers-sante\\\/\",\"url\":\"https:\\\/\\\/karesantegroupe.com\\\/dossiers-sante\\\/\",\"name\":\"Dossiers Sant\u00e9 - Kare Sant\u00e9 Groupe\",\"isPartOf\":{\"@id\":\"https:\\\/\\\/karesantegroupe.com\\\/#website\"},\"datePublished\":\"2021-08-06T07:56:30+00:00\",\"dateModified\":\"2021-09-28T15:46:43+00:00\",\"breadcrumb\":{\"@id\":\"https:\\\/\\\/karesantegroupe.com\\\/dossiers-sante\\\/#breadcrumb\"},\"inLanguage\":\"es\",\"potentialAction\":[{\"@type\":\"ReadAction\",\"target\":[\"https:\\\/\\\/karesantegroupe.com\\\/dossiers-sante\\\/\"]}]},{\"@type\":\"BreadcrumbList\",\"@id\":\"https:\\\/\\\/karesantegroupe.com\\\/dossiers-sante\\\/#breadcrumb\",\"itemListElement\":[{\"@type\":\"ListItem\",\"position\":1,\"name\":\"Accueil\",\"item\":\"https:\\\/\\\/karesantegroupe.com\\\/accueil\\\/\"},{\"@type\":\"ListItem\",\"position\":2,\"name\":\"Dossiers Sant\u00e9\"}]},{\"@type\":\"WebSite\",\"@id\":\"https:\\\/\\\/karesantegroupe.com\\\/#website\",\"url\":\"https:\\\/\\\/karesantegroupe.com\\\/\",\"name\":\"Kare Sant\u00e9 Groupe\",\"description\":\"Un site utilisant WordPress\",\"publisher\":{\"@id\":\"https:\\\/\\\/karesantegroupe.com\\\/#organization\"},\"potentialAction\":[{\"@type\":\"SearchAction\",\"target\":{\"@type\":\"EntryPoint\",\"urlTemplate\":\"https:\\\/\\\/karesantegroupe.com\\\/?s={search_term_string}\"},\"query-input\":{\"@type\":\"PropertyValueSpecification\",\"valueRequired\":true,\"valueName\":\"search_term_string\"}}],\"inLanguage\":\"es\"},{\"@type\":\"Organization\",\"@id\":\"https:\\\/\\\/karesantegroupe.com\\\/#organization\",\"name\":\"Kare Sant\u00e9 Groupe\",\"url\":\"https:\\\/\\\/karesantegroupe.com\\\/\",\"logo\":{\"@type\":\"ImageObject\",\"inLanguage\":\"es\",\"@id\":\"https:\\\/\\\/karesantegroupe.com\\\/#\\\/schema\\\/logo\\\/image\\\/\",\"url\":\"https:\\\/\\\/karesantegroupe.com\\\/wp-content\\\/uploads\\\/2025\\\/10\\\/KARE-SANTE_HORIZONTAL_COULEURS-scaled.png\",\"contentUrl\":\"https:\\\/\\\/karesantegroupe.com\\\/wp-content\\\/uploads\\\/2025\\\/10\\\/KARE-SANTE_HORIZONTAL_COULEURS-scaled.png\",\"width\":2560,\"height\":951,\"caption\":\"Kare Sant\u00e9 Groupe\"},\"image\":{\"@id\":\"https:\\\/\\\/karesantegroupe.com\\\/#\\\/schema\\\/logo\\\/image\\\/\"},\"sameAs\":[\"https:\\\/\\\/www.facebook.com\\\/people\\\/Cartepharmaclub\\\/100083269878462\\\/\",\"https:\\\/\\\/www.instagram.com\\\/kare_le_club\\\/\",\"https:\\\/\\\/www.linkedin.com\\\/company\\\/karesante\\\/\"]}]}<\/script>\n<!-- \/ Yoast SEO plugin. -->","yoast_head_json":{"title":"Dossiers Sant\u00e9 - Kare Sant\u00e9 Groupe","robots":{"index":"index","follow":"follow","max-snippet":"max-snippet:-1","max-image-preview":"max-image-preview:large","max-video-preview":"max-video-preview:-1"},"canonical":"https:\/\/karesantegroupe.com\/es\/dossiers-sante\/","og_locale":"es_ES","og_type":"article","og_title":"Dossiers Sant\u00e9 - Kare Sant\u00e9 Groupe","og_url":"https:\/\/karesantegroupe.com\/es\/dossiers-sante\/","og_site_name":"Kare Sant\u00e9 Groupe","article_publisher":"https:\/\/www.facebook.com\/people\/Cartepharmaclub\/100083269878462\/","article_modified_time":"2021-09-28T15:46:43+00:00","twitter_card":"summary_large_image","twitter_misc":{"Tiempo de lectura":"1 minuto"},"schema":{"@context":"https:\/\/schema.org","@graph":[{"@type":"WebPage","@id":"https:\/\/karesantegroupe.com\/dossiers-sante\/","url":"https:\/\/karesantegroupe.com\/dossiers-sante\/","name":"Dossiers Sant\u00e9 - Kare Sant\u00e9 Groupe","isPartOf":{"@id":"https:\/\/karesantegroupe.com\/#website"},"datePublished":"2021-08-06T07:56:30+00:00","dateModified":"2021-09-28T15:46:43+00:00","breadcrumb":{"@id":"https:\/\/karesantegroupe.com\/dossiers-sante\/#breadcrumb"},"inLanguage":"es","potentialAction":[{"@type":"ReadAction","target":["https:\/\/karesantegroupe.com\/dossiers-sante\/"]}]},{"@type":"BreadcrumbList","@id":"https:\/\/karesantegroupe.com\/dossiers-sante\/#breadcrumb","itemListElement":[{"@type":"ListItem","position":1,"name":"Accueil","item":"https:\/\/karesantegroupe.com\/accueil\/"},{"@type":"ListItem","position":2,"name":"Dossiers Sant\u00e9"}]},{"@type":"WebSite","@id":"https:\/\/karesantegroupe.com\/#website","url":"https:\/\/karesantegroupe.com\/","name":"Kare Sant\u00e9 Groupe","description":"Un site utilisant WordPress","publisher":{"@id":"https:\/\/karesantegroupe.com\/#organization"},"potentialAction":[{"@type":"SearchAction","target":{"@type":"EntryPoint","urlTemplate":"https:\/\/karesantegroupe.com\/?s={search_term_string}"},"query-input":{"@type":"PropertyValueSpecification","valueRequired":true,"valueName":"search_term_string"}}],"inLanguage":"es"},{"@type":"Organization","@id":"https:\/\/karesantegroupe.com\/#organization","name":"Kare Sant\u00e9 Groupe","url":"https:\/\/karesantegroupe.com\/","logo":{"@type":"ImageObject","inLanguage":"es","@id":"https:\/\/karesantegroupe.com\/#\/schema\/logo\/image\/","url":"https:\/\/karesantegroupe.com\/wp-content\/uploads\/2025\/10\/KARE-SANTE_HORIZONTAL_COULEURS-scaled.png","contentUrl":"https:\/\/karesantegroupe.com\/wp-content\/uploads\/2025\/10\/KARE-SANTE_HORIZONTAL_COULEURS-scaled.png","width":2560,"height":951,"caption":"Kare Sant\u00e9 Groupe"},"image":{"@id":"https:\/\/karesantegroupe.com\/#\/schema\/logo\/image\/"},"sameAs":["https:\/\/www.facebook.com\/people\/Cartepharmaclub\/100083269878462\/","https:\/\/www.instagram.com\/kare_le_club\/","https:\/\/www.linkedin.com\/company\/karesante\/"]}]}},"_links":{"self":[{"href":"https:\/\/karesantegroupe.com\/es\/wp-json\/wp\/v2\/pages\/4108","targetHints":{"allow":["GET"]}}],"collection":[{"href":"https:\/\/karesantegroupe.com\/es\/wp-json\/wp\/v2\/pages"}],"about":[{"href":"https:\/\/karesantegroupe.com\/es\/wp-json\/wp\/v2\/types\/page"}],"author":[{"embeddable":true,"href":"https:\/\/karesantegroupe.com\/es\/wp-json\/wp\/v2\/users\/1"}],"replies":[{"embeddable":true,"href":"https:\/\/karesantegroupe.com\/es\/wp-json\/wp\/v2\/comments?post=4108"}],"version-history":[{"count":7,"href":"https:\/\/karesantegroupe.com\/es\/wp-json\/wp\/v2\/pages\/4108\/revisions"}],"predecessor-version":[{"id":4797,"href":"https:\/\/karesantegroupe.com\/es\/wp-json\/wp\/v2\/pages\/4108\/revisions\/4797"}],"wp:attachment":[{"href":"https:\/\/karesantegroupe.com\/es\/wp-json\/wp\/v2\/media?parent=4108"}],"curies":[{"name":"wp","href":"https:\/\/api.w.org\/{rel}","templated":true}]}}