{"id":4408,"date":"2024-12-16T15:46:35","date_gmt":"2024-12-16T14:46:35","guid":{"rendered":"https:\/\/cpc-pharma.com\/?page_id=4408"},"modified":"2024-12-18T15:37:54","modified_gmt":"2024-12-18T14:37:54","slug":"enovis-veinax","status":"publish","type":"page","link":"https:\/\/karesantegroupe.com\/es\/enovis-veinax\/","title":{"rendered":"ENOVIS &#8211; VEINAX"},"content":{"rendered":"<div  class='avia-image-container  av-styling-    avia-builder-el-0  el_before_av_hr  avia-builder-el-first  avia-align-center'  itemprop=\"image\" itemscope=\"itemscope\" itemtype=\"https:\/\/schema.org\/ImageObject\"  ><div class='avia-image-container-inner'><div class='avia-image-overlay-wrap'><img decoding=\"async\" class='wp-image-0 avia-img-lazy-loading-not-0 avia_image' src=\"https:\/\/cpc-pharma.com\/wp-content\/uploads\/2024\/12\/Image1.jpg\" alt='' title=''   itemprop=\"thumbnailUrl\"  \/><\/div><\/div><\/div>\n<div  style='height:50px' class='hr hr-invisible   avia-builder-el-1  el_after_av_image  el_before_av_one_full'><span class='hr-inner' ><span class='hr-inner-style'><\/span><\/span><\/div>\n<div class=\"flex_column av_one_full  flex_column_div av-zero-column-padding first  avia-builder-el-2  el_after_av_hr  el_before_av_hr\" style='border-radius:0px; '><section class=\"av_textblock_section\"  itemscope=\"itemscope\" itemtype=\"https:\/\/schema.org\/CreativeWork\" ><div class='avia_textblock'   itemprop=\"text\" ><p>L\u2019insuffisance veineuse est une pathologie fr\u00e9quente qui n\u2019a pas pour seule cons\u00e9quence des d\u00e9sagr\u00e9ments esth\u00e9tiques ou de confort, elle t\u00e9moigne \u00e9galement d\u2019une mauvaise circulation dans les jambes qui se traduit par une stase veineuse qu\u2019un praticien doit diagnostiquer et traiter le plus t\u00f4t possible.<\/p>\n<p>Enovis\u2122 propose en compression m\u00e9dicale sa gamme \u00e9tendue de solutions visant \u00e0 am\u00e9liorer la sant\u00e9 vasculaire des utilisateurs en suivant les derni\u00e8res recommandations de la Haute Autorit\u00e9 de Sant\u00e9.<\/p>\n<p>Enovis\u2122 propose en compression m\u00e9dicale sa gamme \u00e9tendue de solutions visant \u00e0 am\u00e9liorer la sant\u00e9 vasculaire des utilisateurs en suivant les derni\u00e8res recommandations de la Haute Autorit\u00e9 de Sant\u00e9.<\/p>\n<p style=\"text-align: center;\">\n<\/div><\/section><\/div>\n<div  style='height:50px' class='hr hr-invisible   avia-builder-el-4  el_after_av_one_full  el_before_av_textblock'><span class='hr-inner' ><span class='hr-inner-style'><\/span><\/span><\/div>\n<section class=\"av_textblock_section\"  itemscope=\"itemscope\" itemtype=\"https:\/\/schema.org\/CreativeWork\" ><div class='avia_textblock  av_inherit_color'  style='color:#000000; '  itemprop=\"text\" ><h2 style=\"text-align: center;\"><strong>LA GAMME VEINAX, C\u2019EST LA BONNE PRESSION AU BON ENDROIT.<\/strong><\/h2>\n<\/div><\/section>\n<div  style='height:50px' class='hr hr-invisible   avia-builder-el-6  el_after_av_textblock  el_before_av_textblock'><span class='hr-inner' ><span class='hr-inner-style'><\/span><\/span><\/div>\n<section class=\"av_textblock_section\"  itemscope=\"itemscope\" itemtype=\"https:\/\/schema.org\/CreativeWork\" ><div class='avia_textblock  av_inherit_color'  style='color:#000000; '  itemprop=\"text\" ><h2 style=\"text-align: center;\"><strong>LES PRODUITS-PHARE POUR LES PATIENTS<\/strong><\/h2>\n<p style=\"text-align: center;\"><em>A chaque pathologie, sa solution\u00a0!<\/em><\/p>\n<\/div><\/section>\n<div class=\"flex_column av_one_full  flex_column_div av-zero-column-padding first  avia-builder-el-8  el_after_av_textblock  el_before_av_one_full  column-top-margin\" style='border-radius:0px; '><section class=\"av_textblock_section\"  itemscope=\"itemscope\" itemtype=\"https:\/\/schema.org\/CreativeWork\" ><div class='avia_textblock  av_inherit_color'  style='color:#000000; '  itemprop=\"text\" ><h2><strong>COMPRESSION VEINEUSE<\/strong><\/h2>\n<p>Gamme Veinax\u00a0: nous proposons l\u2019essentiel de la compression qui r\u00e9pond \u00e0 votre besoin de traitement m\u00e9dical aussi bien que de style esth\u00e9tique\u00a0: <strong>Microtrans, Transparent, Fantaisie ou Coton<\/strong><\/p>\n<\/div><\/section><\/div>\n<div class=\"flex_column av_one_full  flex_column_div av-zero-column-padding first  avia-builder-el-10  el_after_av_one_full  el_before_av_image  column-top-margin\" style='border-radius:0px; '><\/div>\n<div  class='avia-image-container  av-styling-    avia-builder-el-11  el_after_av_one_full  el_before_av_textblock  avia-align-center'  itemprop=\"image\" itemscope=\"itemscope\" itemtype=\"https:\/\/schema.org\/ImageObject\"  ><div class='avia-image-container-inner'><div class='avia-image-overlay-wrap'><img decoding=\"async\" class='wp-image-0 avia-img-lazy-loading-not-0 avia_image' src=\"https:\/\/cpc-pharma.com\/wp-content\/uploads\/2024\/12\/Montage-3D_4-Packagings-Veinax-2024-1030x547.png\" alt='' title=''   itemprop=\"thumbnailUrl\"  \/><\/div><\/div><\/div>\n<section class=\"av_textblock_section\"  itemscope=\"itemscope\" itemtype=\"https:\/\/schema.org\/CreativeWork\" ><div class='avia_textblock  av_inherit_color'  style='color:#000000; '  itemprop=\"text\" ><p><strong>Vid\u00e9o de mise en place :\u00a0<a href=\"https:\/\/www.youtube.com\/watch?v=-aFsj31MkQ0\">https:\/\/www.youtube.com\/watch?v=-aFsj31MkQ0<\/a><\/strong><\/p>\n<p><strong>Notre guide :\u00a0<a href=\"https:\/\/enovis-medtech.eu\/media\/storage.djoglobal.eu\/fr_FR\/Documents\/Documents_2023\/Guide_Patient_Cheville_-_Thrombose_Veineuse_Profonde_Enovis_France.pdf\">Veinax <\/a><\/strong><\/p>\n<\/div><\/section>\n<div   class='hr hr-default   avia-builder-el-13  el_after_av_textblock  el_before_av_one_full'><span class='hr-inner' ><span class='hr-inner-style'><\/span><\/span><\/div>\n<div class=\"flex_column av_one_full  flex_column_div av-zero-column-padding first  avia-builder-el-14  el_after_av_hr  el_before_av_hr\" style='border-radius:0px; '><section class=\"av_textblock_section\"  itemscope=\"itemscope\" itemtype=\"https:\/\/schema.org\/CreativeWork\" ><div class='avia_textblock  av_inherit_color'  style='color:#000000; '  itemprop=\"text\" ><h2><strong>CHAUSSURES DE CONFORT<\/strong><\/h2>\n<p>Sp\u00e9cialis\u00e9e dans le domaine des chaussures pour pieds diab\u00e9tiques, Enovis a d\u00e9velopp\u00e9 une gamme qui allie \u00e9l\u00e9gance, confort et qualit\u00e9. Elle a pour but de soulager de nombreux troubles touchant les pieds et participe \u00e0 l\u2019am\u00e9lioration de la sant\u00e9 des pieds et des jambes.<\/p>\n<p>Les Chaussures \u00e0 Usage Temporaire (CHUT) sont des dispositifs m\u00e9dicaux prescrits par votre m\u00e9decin. Elles permettent de prendre le relais des chaussures classiques dans le cas de pathologies diab\u00e9tiques, rhumatologiques, neurologiques, vasculaires et traumatiques.<\/p>\n<\/div><\/section><br \/>\n<div  style='height:50px' class='hr hr-invisible   avia-builder-el-16  el_after_av_textblock  el_before_av_image'><span class='hr-inner' ><span class='hr-inner-style'><\/span><\/span><\/div><br \/>\n<div  class='avia-image-container  av-styling-    avia-builder-el-17  el_after_av_hr  avia-builder-el-last  avia-align-center'  itemprop=\"image\" itemscope=\"itemscope\" itemtype=\"https:\/\/schema.org\/ImageObject\"  ><div class='avia-image-container-inner'><div class='avia-image-overlay-wrap'><img decoding=\"async\" class='wp-image-0 avia-img-lazy-loading-not-0 avia_image' src=\"https:\/\/cpc-pharma.com\/wp-content\/uploads\/2024\/12\/Image2.png\" alt='' title=''   itemprop=\"thumbnailUrl\"  \/><\/div><\/div><\/div><\/p><\/div>\n<div  style='height:50px' class='hr hr-invisible   avia-builder-el-18  el_after_av_one_full  el_before_av_textblock'><span class='hr-inner' ><span class='hr-inner-style'><\/span><\/span><\/div>\n<section class=\"av_textblock_section\"  itemscope=\"itemscope\" itemtype=\"https:\/\/schema.org\/CreativeWork\" ><div class='avia_textblock  av_inherit_color'  style='color:#000000; '  itemprop=\"text\" ><p><strong>D\u00e9couvrez nos mod\u00e8les : <a href=\"https:\/\/www.youtube.com\/watch?v=NRN1pJUH_Hw\">https:\/\/www.youtube.com\/watch?v=NRN1pJUH_Hw<\/a><\/strong><\/p>\n<p><strong>Notre guide :\u00a0<a href=\"https:\/\/enovis-medtech.eu\/media\/storage.djoglobal.eu\/fr_FR\/Documents\/Documents_2023\/Guide_Patient_-_Pied_Enovis_France.pdf\">Chaussure de confort <\/a><\/strong><\/p>\n<\/div><\/section>\n<div class=\"flex_column av_one_full  flex_column_div av-zero-column-padding first  avia-builder-el-20  el_after_av_textblock  avia-builder-el-last  column-top-margin\" style='border-radius:0px; '><section class=\"av_textblock_section\"  itemscope=\"itemscope\" itemtype=\"https:\/\/schema.org\/CreativeWork\" ><div class='avia_textblock'   itemprop=\"text\" ><p><em>Dispositifs m\u00e9dicaux de classe I. Fabricant\u00a0: DJO LLC \u2013 USA.<\/em><\/p>\n<p><em>Lire attentivement les notices. Demander conseil \u00e0 un professionnel de sant\u00e9.<\/em><\/p>\n<\/div><\/section><\/div>","protected":false},"excerpt":{"rendered":"","protected":false},"author":3,"featured_media":0,"parent":0,"menu_order":0,"comment_status":"closed","ping_status":"closed","template":"","meta":{"footnotes":""},"class_list":["post-4408","page","type-page","status-publish","hentry"],"yoast_head":"<!-- This site is optimized with the Yoast SEO plugin v27.4 - https:\/\/yoast.com\/product\/yoast-seo-wordpress\/ -->\n<title>ENOVIS - VEINAX - Kare Sant\u00e9 Groupe<\/title>\n<meta name=\"robots\" content=\"index, follow, max-snippet:-1, max-image-preview:large, max-video-preview:-1\" \/>\n<link rel=\"canonical\" href=\"https:\/\/karesantegroupe.com\/es\/enovis-veinax\/\" \/>\n<meta property=\"og:locale\" content=\"es_ES\" \/>\n<meta property=\"og:type\" content=\"article\" \/>\n<meta property=\"og:title\" content=\"ENOVIS - VEINAX - Kare Sant\u00e9 Groupe\" \/>\n<meta property=\"og:url\" content=\"https:\/\/karesantegroupe.com\/es\/enovis-veinax\/\" \/>\n<meta property=\"og:site_name\" content=\"Kare Sant\u00e9 Groupe\" \/>\n<meta property=\"article:publisher\" content=\"https:\/\/www.facebook.com\/people\/Cartepharmaclub\/100083269878462\/\" \/>\n<meta property=\"article:modified_time\" content=\"2024-12-18T14:37:54+00:00\" \/>\n<meta name=\"twitter:card\" content=\"summary_large_image\" \/>\n<meta name=\"twitter:label1\" content=\"Tiempo de lectura\" \/>\n\t<meta name=\"twitter:data1\" content=\"5 minutos\" \/>\n<script type=\"application\/ld+json\" class=\"yoast-schema-graph\">{\"@context\":\"https:\\\/\\\/schema.org\",\"@graph\":[{\"@type\":\"WebPage\",\"@id\":\"https:\\\/\\\/karesantegroupe.com\\\/enovis-veinax\\\/\",\"url\":\"https:\\\/\\\/karesantegroupe.com\\\/enovis-veinax\\\/\",\"name\":\"ENOVIS - VEINAX - Kare Sant\u00e9 Groupe\",\"isPartOf\":{\"@id\":\"https:\\\/\\\/karesantegroupe.com\\\/#website\"},\"datePublished\":\"2024-12-16T14:46:35+00:00\",\"dateModified\":\"2024-12-18T14:37:54+00:00\",\"breadcrumb\":{\"@id\":\"https:\\\/\\\/karesantegroupe.com\\\/enovis-veinax\\\/#breadcrumb\"},\"inLanguage\":\"es\",\"potentialAction\":[{\"@type\":\"ReadAction\",\"target\":[\"https:\\\/\\\/karesantegroupe.com\\\/enovis-veinax\\\/\"]}]},{\"@type\":\"BreadcrumbList\",\"@id\":\"https:\\\/\\\/karesantegroupe.com\\\/enovis-veinax\\\/#breadcrumb\",\"itemListElement\":[{\"@type\":\"ListItem\",\"position\":1,\"name\":\"Accueil\",\"item\":\"https:\\\/\\\/karesantegroupe.com\\\/accueil\\\/\"},{\"@type\":\"ListItem\",\"position\":2,\"name\":\"ENOVIS &#8211; VEINAX\"}]},{\"@type\":\"WebSite\",\"@id\":\"https:\\\/\\\/karesantegroupe.com\\\/#website\",\"url\":\"https:\\\/\\\/karesantegroupe.com\\\/\",\"name\":\"Kare Sant\u00e9 Groupe\",\"description\":\"Un site utilisant WordPress\",\"publisher\":{\"@id\":\"https:\\\/\\\/karesantegroupe.com\\\/#organization\"},\"potentialAction\":[{\"@type\":\"SearchAction\",\"target\":{\"@type\":\"EntryPoint\",\"urlTemplate\":\"https:\\\/\\\/karesantegroupe.com\\\/?s={search_term_string}\"},\"query-input\":{\"@type\":\"PropertyValueSpecification\",\"valueRequired\":true,\"valueName\":\"search_term_string\"}}],\"inLanguage\":\"es\"},{\"@type\":\"Organization\",\"@id\":\"https:\\\/\\\/karesantegroupe.com\\\/#organization\",\"name\":\"Kare Sant\u00e9 Groupe\",\"url\":\"https:\\\/\\\/karesantegroupe.com\\\/\",\"logo\":{\"@type\":\"ImageObject\",\"inLanguage\":\"es\",\"@id\":\"https:\\\/\\\/karesantegroupe.com\\\/#\\\/schema\\\/logo\\\/image\\\/\",\"url\":\"https:\\\/\\\/karesantegroupe.com\\\/wp-content\\\/uploads\\\/2025\\\/10\\\/KARE-SANTE_HORIZONTAL_COULEURS-scaled.png\",\"contentUrl\":\"https:\\\/\\\/karesantegroupe.com\\\/wp-content\\\/uploads\\\/2025\\\/10\\\/KARE-SANTE_HORIZONTAL_COULEURS-scaled.png\",\"width\":2560,\"height\":951,\"caption\":\"Kare Sant\u00e9 Groupe\"},\"image\":{\"@id\":\"https:\\\/\\\/karesantegroupe.com\\\/#\\\/schema\\\/logo\\\/image\\\/\"},\"sameAs\":[\"https:\\\/\\\/www.facebook.com\\\/people\\\/Cartepharmaclub\\\/100083269878462\\\/\",\"https:\\\/\\\/www.instagram.com\\\/kare_le_club\\\/\",\"https:\\\/\\\/www.linkedin.com\\\/company\\\/karesante\\\/\"]}]}<\/script>\n<!-- \/ Yoast SEO plugin. -->","yoast_head_json":{"title":"ENOVIS - VEINAX - Kare Sant\u00e9 Groupe","robots":{"index":"index","follow":"follow","max-snippet":"max-snippet:-1","max-image-preview":"max-image-preview:large","max-video-preview":"max-video-preview:-1"},"canonical":"https:\/\/karesantegroupe.com\/es\/enovis-veinax\/","og_locale":"es_ES","og_type":"article","og_title":"ENOVIS - VEINAX - Kare Sant\u00e9 Groupe","og_url":"https:\/\/karesantegroupe.com\/es\/enovis-veinax\/","og_site_name":"Kare Sant\u00e9 Groupe","article_publisher":"https:\/\/www.facebook.com\/people\/Cartepharmaclub\/100083269878462\/","article_modified_time":"2024-12-18T14:37:54+00:00","twitter_card":"summary_large_image","twitter_misc":{"Tiempo de lectura":"5 minutos"},"schema":{"@context":"https:\/\/schema.org","@graph":[{"@type":"WebPage","@id":"https:\/\/karesantegroupe.com\/enovis-veinax\/","url":"https:\/\/karesantegroupe.com\/enovis-veinax\/","name":"ENOVIS - VEINAX - Kare Sant\u00e9 Groupe","isPartOf":{"@id":"https:\/\/karesantegroupe.com\/#website"},"datePublished":"2024-12-16T14:46:35+00:00","dateModified":"2024-12-18T14:37:54+00:00","breadcrumb":{"@id":"https:\/\/karesantegroupe.com\/enovis-veinax\/#breadcrumb"},"inLanguage":"es","potentialAction":[{"@type":"ReadAction","target":["https:\/\/karesantegroupe.com\/enovis-veinax\/"]}]},{"@type":"BreadcrumbList","@id":"https:\/\/karesantegroupe.com\/enovis-veinax\/#breadcrumb","itemListElement":[{"@type":"ListItem","position":1,"name":"Accueil","item":"https:\/\/karesantegroupe.com\/accueil\/"},{"@type":"ListItem","position":2,"name":"ENOVIS &#8211; VEINAX"}]},{"@type":"WebSite","@id":"https:\/\/karesantegroupe.com\/#website","url":"https:\/\/karesantegroupe.com\/","name":"Kare Sant\u00e9 Groupe","description":"Un site utilisant WordPress","publisher":{"@id":"https:\/\/karesantegroupe.com\/#organization"},"potentialAction":[{"@type":"SearchAction","target":{"@type":"EntryPoint","urlTemplate":"https:\/\/karesantegroupe.com\/?s={search_term_string}"},"query-input":{"@type":"PropertyValueSpecification","valueRequired":true,"valueName":"search_term_string"}}],"inLanguage":"es"},{"@type":"Organization","@id":"https:\/\/karesantegroupe.com\/#organization","name":"Kare Sant\u00e9 Groupe","url":"https:\/\/karesantegroupe.com\/","logo":{"@type":"ImageObject","inLanguage":"es","@id":"https:\/\/karesantegroupe.com\/#\/schema\/logo\/image\/","url":"https:\/\/karesantegroupe.com\/wp-content\/uploads\/2025\/10\/KARE-SANTE_HORIZONTAL_COULEURS-scaled.png","contentUrl":"https:\/\/karesantegroupe.com\/wp-content\/uploads\/2025\/10\/KARE-SANTE_HORIZONTAL_COULEURS-scaled.png","width":2560,"height":951,"caption":"Kare Sant\u00e9 Groupe"},"image":{"@id":"https:\/\/karesantegroupe.com\/#\/schema\/logo\/image\/"},"sameAs":["https:\/\/www.facebook.com\/people\/Cartepharmaclub\/100083269878462\/","https:\/\/www.instagram.com\/kare_le_club\/","https:\/\/www.linkedin.com\/company\/karesante\/"]}]}},"_links":{"self":[{"href":"https:\/\/karesantegroupe.com\/es\/wp-json\/wp\/v2\/pages\/4408","targetHints":{"allow":["GET"]}}],"collection":[{"href":"https:\/\/karesantegroupe.com\/es\/wp-json\/wp\/v2\/pages"}],"about":[{"href":"https:\/\/karesantegroupe.com\/es\/wp-json\/wp\/v2\/types\/page"}],"author":[{"embeddable":true,"href":"https:\/\/karesantegroupe.com\/es\/wp-json\/wp\/v2\/users\/3"}],"replies":[{"embeddable":true,"href":"https:\/\/karesantegroupe.com\/es\/wp-json\/wp\/v2\/comments?post=4408"}],"version-history":[{"count":20,"href":"https:\/\/karesantegroupe.com\/es\/wp-json\/wp\/v2\/pages\/4408\/revisions"}],"predecessor-version":[{"id":9359,"href":"https:\/\/karesantegroupe.com\/es\/wp-json\/wp\/v2\/pages\/4408\/revisions\/9359"}],"wp:attachment":[{"href":"https:\/\/karesantegroupe.com\/es\/wp-json\/wp\/v2\/media?parent=4408"}],"curies":[{"name":"wp","href":"https:\/\/api.w.org\/{rel}","templated":true}]}}