{"id":4810,"date":"2021-10-08T10:34:48","date_gmt":"2021-10-08T08:34:48","guid":{"rendered":"https:\/\/cpc-pharma.com\/?page_id=4810"},"modified":"2021-10-08T10:36:35","modified_gmt":"2021-10-08T08:36:35","slug":"donnees-personnelles","status":"publish","type":"page","link":"https:\/\/karesantegroupe.com\/es\/donnees-personnelles\/","title":{"rendered":"Donn\u00e9es personnelles"},"content":{"rendered":"<div  style='padding-bottom:10px; ' class='av-special-heading av-special-heading-h1    avia-builder-el-0  el_before_av_section  avia-builder-el-no-sibling'><h1 class='av-special-heading-tag'  itemprop=\"headline\"  >Gestion des donn\u00e9es personnelles et des cookies<\/h1><div class='special-heading-border'><div class='special-heading-inner-border' ><\/div><\/div><\/div>\n<\/div><\/div><\/div><!-- close content main div --><\/div><\/div><div id='av_section_1'  class='avia-section main_color avia-section-default avia-no-border-styling  avia-bg-style-scroll  avia-builder-el-1  el_after_av_heading  avia-builder-el-last   container_wrap sidebar_right' style=' '  ><div class='container' ><div class='template-page content  av-content-small alpha units'><div class='post-entry post-entry-type-page post-entry-4810'><div class='entry-content-wrapper clearfix'>\n<section class=\"av_textblock_section\"  itemscope=\"itemscope\" itemtype=\"https:\/\/schema.org\/CreativeWork\" ><div class='avia_textblock'   itemprop=\"text\" ><h2>Notre politique de confidentialit\u00e9 quant \u00e0 vos donn\u00e9es personnelles saisies<\/h2>\n<p>Devant le d\u00e9veloppement des nouveaux outils de communication, il est n\u00e9cessaire de porter une attention particuli\u00e8re \u00e0 la protection de la vie priv\u00e9e. C&rsquo;est pourquoi, nous nous engageons \u00e0 respecter la confidentialit\u00e9 des renseignements personnels que nous collectons.<\/p>\n<p>Les renseignements personnels que nous collectons sont recueillis au travers de formulaires.\u00a0 Les donn\u00e9es collect\u00e9es sont utilis\u00e9es <u>exclusivement<\/u> pour la gestion de votre compte client, pour le traitement de votre demande, ainsi qu\u2019\u00e0 des fins statistiques et permettent de mieux vous conna\u00eetre et d\u2019am\u00e9liorer les offres et services fournis dans le cadre de notre politique commerciale. Les donn\u00e9es collect\u00e9es sont conserv\u00e9es pendant une dur\u00e9e maximum de 1 ann\u00e9e suivant la fin de la relation commerciale, hors obligation l\u00e9gale d\u2019archivage.<\/p>\n<p>Les renseignements personnels que nous collectons sont conserv\u00e9s dans un environnement s\u00e9curis\u00e9. Les personnes travaillant pour CPC \u2013 CERCLE DES PHARMACIENS COOPERATEURS ainsi que les prestataires et sous-traitants sont tenus de respecter la <u>confidentialit\u00e9<\/u> de vos informations. Nous nous engageons \u00e0 maintenir un haut degr\u00e9 de confidentialit\u00e9 en int\u00e9grant les derni\u00e8res innovations technologiques permettant d&rsquo;assurer la confidentialit\u00e9 de vos transactions. Toutefois, comme aucun m\u00e9canisme n&rsquo;offre une s\u00e9curit\u00e9 maximale, une part de risque est toujours pr\u00e9sente lorsque l&rsquo;on utilise Internet pour transmettre des renseignements personnels.<\/p>\n<\/div><\/section>\n<section class=\"av_textblock_section\"  itemscope=\"itemscope\" itemtype=\"https:\/\/schema.org\/CreativeWork\" ><div class='avia_textblock'   itemprop=\"text\" ><h2>Politique relative aux cookies<\/h2>\n<p>Au cours de votre navigation sur le site www.cpc-pharma.com (ci-apr\u00e8s d\u00e9sign\u00e9 comme le \u00ab Site \u00bb), nous sommes susceptibles de collecter des informations personnelles anonymes.<\/p>\n<p>Nous accordons une attention toute particuli\u00e8re au traitement de vos donn\u00e9es personnelles et au respect de votre vie priv\u00e9e. Nous esp\u00e9rons vous offrir une navigation la plus adapt\u00e9e \u00e0 vos besoins et analyser les performances de notre site. Il est important que vous sachiez que nous ne revendons ou louons d\u2019aucune fa\u00e7on vos donn\u00e9es \u00e0 d\u2019autres entreprises.<\/p>\n<h3><strong><br \/>\n<\/strong><strong>Dispositions G\u00e9n\u00e9rales<\/strong><\/h3>\n<p>La navigation sur le site internet de www.cpc-pharma.com implique votre acception de la collecte et du traitement de donn\u00e9es personnelles. Lors de votre premi\u00e8re visite et en poursuivant votre navigation sur le site, vous acceptez les termes de cette Politique relative aux cookies.<\/p>\n<h3><strong>Utilisation des Donn\u00e9es<\/strong><\/h3>\n<h4>Qu&rsquo;est-ce qu&rsquo;un cookie ?<\/h4>\n<p>Un cookie d\u00e9signe un petit fichier texte que le site envoie \u00e0 votre navigateur, permettant de stocker certaines informations anonymes sur votre appareil. Les informations recueillies peuvent \u00eatre relatives \u00e0 des donn\u00e9es g\u00e9n\u00e9rales d\u2019acc\u00e8s au site, comme le nombre de visites, ou \u00e0 des donn\u00e9es plus sp\u00e9cifiques en vue de personnaliser l\u2019exp\u00e9rience lors des prochaines interactions avec le site. Ces donn\u00e9es ne sont pas nominatives et sont collect\u00e9es de mani\u00e8re anonyme.<br \/>\nCertains cookies sont n\u00e9cessaires \u00e0 la navigation sur le site, afin de vous offrir une exp\u00e9rience agr\u00e9able, ainsi qu\u2019un acc\u00e8s aux fonctionnalit\u00e9s principales, telles que l\u2019utilisation du panier ou l\u2019acc\u00e8s \u00e0 votre compte client. Ces cookies ne peuvent \u00eatre d\u00e9sactiv\u00e9s et les informations concern\u00e9es sont trait\u00e9es dans le plus grand respect de votre vie priv\u00e9e.<\/p>\n<h3><\/h3>\n<h4>Finalit\u00e9s des cookies<\/h4>\n<p>La collecte d\u2019informations personnelles par CPC \u2013 CERCLE DES PHARMACIENS COOPERATEURS lors de votre navigation sur le site a pour objectif de rendre votre exp\u00e9rience digitale optimale. Vos donn\u00e9es peuvent \u00eatre utilis\u00e9es afin de vous offrir certains services ; comme la newsletter ; d\u2019\u00e9tudier de mani\u00e8re anonyme les volumes et fr\u00e9quences des visites en vue d\u2019analyser les performances du site, de vous proposer des publicit\u00e9s adapt\u00e9es \u00e0 vos pr\u00e9f\u00e9rences de produits et de navigation.<\/p>\n<h3><\/h3>\n<h4>Les cookies tiers<\/h4>\n<p>Les cookies tiers rassemblent des informations en vue de personnaliser votre exp\u00e9rience sur le site, et au contraire de celles collect\u00e9es dans le cadre de cookies n\u00e9cessaires au fonctionnement, celles-ci ne sont pas enregistr\u00e9es sur notre site mais par des tiers. Vous avez la possibilit\u00e9 de vous opposer \u00e0 l\u2019installation de ces cookies tiers en param\u00e9trant votre navigateur afin qu\u2019il les refuse. Pour cela, merci de vous r\u00e9f\u00e9rer au paragraphe suivant, \u00ab Accepter, refuser ou supprimer les cookies de son navigateur \u00bb.<br \/>\nNous vous invitons \u00e0 consulter les politiques ind\u00e9pendantes de protection des donn\u00e9es des sites tiers concern\u00e9s afin d\u2019en savoir plus sur le traitement de vos donn\u00e9es par ces sites.<\/p>\n<ul>\n<li><strong>Les cookies n\u00e9cessaires au fonctionnement du site <\/strong><strong>www.cpc-pharma.com<\/strong><br \/>\nCes cookies sont indispensables \u00e0 votre navigation sur le site. Ils vous offrent l\u2019acc\u00e8s \u00e0 des fonctionnalit\u00e9s propos\u00e9es sur notre site. Ces cookies sont n\u00e9cessaires au fonctionnement basique du site Web. Il s\u2019agit notamment des fonctions permettant aux utilisateurs enregistr\u00e9s de s\u2019authentifier et d\u2019ex\u00e9cuter les fonctions li\u00e9es au compte. Ces cookies sont \u00e9galement utilis\u00e9s pour conserver les pr\u00e9f\u00e9rences d\u00e9finies par les utilisateurs, comme le nom de l\u2019utilisateur d\u00e9tenant le compte, la langue et la position g\u00e9ographique.<\/li>\n<li><strong>Les cookies de partage<\/strong><br \/>\nNotre site contient des liens de partage vers Facebook, Twitter et Google +, qui vous permettent de partager un produit que vous avez aim\u00e9. \u00c0 l\u2019utilisation de ces boutons de partage, un cookie tiers est install\u00e9. Si vous \u00eates connect\u00e9s au r\u00e9seau social lors de votre navigation sur notre site, les boutons de partage permettent de relier les contenus consult\u00e9s \u00e0 votre compte utilisateur.<br \/>\nSi vous ne souhaitez pas que les r\u00e9seaux sociaux puissent acc\u00e9der \u00e0 ces informations via votre compte utilisateur par l\u2019interm\u00e9diaire de notre site, il faudra vous d\u00e9connecter du r\u00e9seau social concern\u00e9. Pour plus d\u2019information concernant l\u2019utilisation des cookies par Facebook https:\/\/www.facebook.com\/policies\/cookies\/<\/li>\n<\/ul>\n<ul>\n<li><strong>Les cookies de mesure d\u2019audience<\/strong><strong><br \/>\n<\/strong>Souhaitant toujours am\u00e9liorer votre navigation sur le site, www.cpc-pharma.com utilise des outils permettant d\u2019analyser les performances de son site ; permettant entre autres de mesurer le nombre de visites, leur fr\u00e9quence, les donn\u00e9es li\u00e9es \u00e0 l\u2019activit\u00e9 des visiteurs lorsqu\u2019ils parcourent le site. Ceci dans le but d\u2019\u00e9tablir des statistiques de fr\u00e9quentation et d\u2019utilisation, afin de toujours vous proposer le meilleur au cours de votre visite. Ces donn\u00e9es sont anonymes et ne permettent en aucun cas de vous identifier. C\u2019est \u00e0 travers l\u2019outil Google Analytics, d\u00e9velopp\u00e9 par Google, que ces informations sont rassembl\u00e9es (https:\/\/support.google.com\/analytics\/answer\/6004245).<\/li>\n<\/ul>\n<h2><\/h2>\n<h3><strong>Accepter, refuser ou supprimer les cookies de son navigateur<\/strong><\/h3>\n<p>La configuration de chaque logiciel de navigation est diff\u00e9rente. Elle est g\u00e9n\u00e9ralement d\u00e9crite dans le menu d&rsquo;aide de votre logiciel de navigation. Nous vous invitons donc \u00e0 en prendre connaissance. Vous pourrez ainsi savoir de quelle mani\u00e8re modifier vos souhaits en mati\u00e8re de cookies.<\/p>\n<p>Pour Internet Explorer\u2122 : <a href=\"http:\/\/windows.microsoft.com\/fr-FR\/windows-vista\/Block-or-allow-cookies%C2%A0\">http:\/\/windows.microsoft.com\/fr-FR\/windows-vista\/Block-or-allow-cookies<\/a><\/p>\n<p>Pour Safari\u2122 : <a href=\"https:\/\/support.apple.com\/kb\/PH19214?locale=fr_FR&amp;viewlocale=fr_FR\">https:\/\/support.apple.com\/kb\/PH19214?locale=fr_FR&amp;viewlocale=fr_FR<\/a><\/p>\n<p>Pour Chrome\u2122 : <a href=\"http:\/\/support.google.com\/chrome\/bin\/answer.py?hl=fr&amp;hlrm=en&amp;answer=95647\">http:\/\/support.google.com\/chrome\/bin\/answer.py?hl=fr&amp;hlrm=en&amp;answer=95647<\/a><\/p>\n<p>Pour Firefox\u2122\u00a0: <a href=\"http:\/\/support.mozilla.org\/fr\/kb\/Activer%20et%20d%C3%A9sactiver%20les%20cookies\">http:\/\/support.mozilla.org\/fr\/kb\/Activer%20et%20d%C3%A9sactiver%20les%20cookies<\/a><u>\u00a0<\/u><\/p>\n<h3>Droits de l\u2019utilisateur<\/h3>\n<p>Chaque Utilisateur dispose d\u2019un droit d\u2019acc\u00e8s et de rectification des donn\u00e9es le concernant et peut \u00e9galement s\u2019opposer, pour des motifs l\u00e9gitimes, \u00e0 ce que ses donn\u00e9es fassent l\u2019objet d\u2019un traitement par le responsable de traitement. Vous pouvez exercer vos droits en \u00e9crivant \u00e0 contact@cpc-pharma.fr.<\/p>\n<\/div><\/section>\n<\/div><\/div><\/div><!-- close content main div --><\/div><\/div><div id='after_section_1'  class='main_color av_default_container_wrap container_wrap sidebar_right' style=' '  ><div class='container' ><div class='template-page content  av-content-small alpha units'><div class='post-entry post-entry-type-page post-entry-4810'><div class='entry-content-wrapper clearfix'>","protected":false},"excerpt":{"rendered":"","protected":false},"author":1,"featured_media":0,"parent":0,"menu_order":0,"comment_status":"closed","ping_status":"closed","template":"","meta":{"footnotes":""},"class_list":["post-4810","page","type-page","status-publish","hentry"],"yoast_head":"<!-- This site is optimized with the Yoast SEO plugin v27.4 - https:\/\/yoast.com\/product\/yoast-seo-wordpress\/ -->\n<title>Donn\u00e9es personnelles - Kare Sant\u00e9 Groupe<\/title>\n<meta name=\"robots\" content=\"index, follow, max-snippet:-1, max-image-preview:large, max-video-preview:-1\" \/>\n<link rel=\"canonical\" href=\"https:\/\/karesantegroupe.com\/es\/donnees-personnelles\/\" \/>\n<meta property=\"og:locale\" content=\"es_ES\" \/>\n<meta property=\"og:type\" content=\"article\" \/>\n<meta property=\"og:title\" content=\"Donn\u00e9es personnelles - Kare Sant\u00e9 Groupe\" \/>\n<meta property=\"og:url\" content=\"https:\/\/karesantegroupe.com\/es\/donnees-personnelles\/\" \/>\n<meta property=\"og:site_name\" content=\"Kare Sant\u00e9 Groupe\" \/>\n<meta property=\"article:publisher\" content=\"https:\/\/www.facebook.com\/people\/Cartepharmaclub\/100083269878462\/\" \/>\n<meta property=\"article:modified_time\" content=\"2021-10-08T08:36:35+00:00\" \/>\n<meta name=\"twitter:card\" content=\"summary_large_image\" \/>\n<meta name=\"twitter:label1\" content=\"Tiempo de lectura\" \/>\n\t<meta name=\"twitter:data1\" content=\"6 minutos\" \/>\n<script type=\"application\/ld+json\" class=\"yoast-schema-graph\">{\"@context\":\"https:\\\/\\\/schema.org\",\"@graph\":[{\"@type\":\"WebPage\",\"@id\":\"https:\\\/\\\/karesantegroupe.com\\\/donnees-personnelles\\\/\",\"url\":\"https:\\\/\\\/karesantegroupe.com\\\/donnees-personnelles\\\/\",\"name\":\"Donn\u00e9es personnelles - Kare Sant\u00e9 Groupe\",\"isPartOf\":{\"@id\":\"https:\\\/\\\/karesantegroupe.com\\\/#website\"},\"datePublished\":\"2021-10-08T08:34:48+00:00\",\"dateModified\":\"2021-10-08T08:36:35+00:00\",\"breadcrumb\":{\"@id\":\"https:\\\/\\\/karesantegroupe.com\\\/donnees-personnelles\\\/#breadcrumb\"},\"inLanguage\":\"es\",\"potentialAction\":[{\"@type\":\"ReadAction\",\"target\":[\"https:\\\/\\\/karesantegroupe.com\\\/donnees-personnelles\\\/\"]}]},{\"@type\":\"BreadcrumbList\",\"@id\":\"https:\\\/\\\/karesantegroupe.com\\\/donnees-personnelles\\\/#breadcrumb\",\"itemListElement\":[{\"@type\":\"ListItem\",\"position\":1,\"name\":\"Accueil\",\"item\":\"https:\\\/\\\/karesantegroupe.com\\\/accueil\\\/\"},{\"@type\":\"ListItem\",\"position\":2,\"name\":\"Donn\u00e9es personnelles\"}]},{\"@type\":\"WebSite\",\"@id\":\"https:\\\/\\\/karesantegroupe.com\\\/#website\",\"url\":\"https:\\\/\\\/karesantegroupe.com\\\/\",\"name\":\"Kare Sant\u00e9 Groupe\",\"description\":\"Un site utilisant WordPress\",\"publisher\":{\"@id\":\"https:\\\/\\\/karesantegroupe.com\\\/#organization\"},\"potentialAction\":[{\"@type\":\"SearchAction\",\"target\":{\"@type\":\"EntryPoint\",\"urlTemplate\":\"https:\\\/\\\/karesantegroupe.com\\\/?s={search_term_string}\"},\"query-input\":{\"@type\":\"PropertyValueSpecification\",\"valueRequired\":true,\"valueName\":\"search_term_string\"}}],\"inLanguage\":\"es\"},{\"@type\":\"Organization\",\"@id\":\"https:\\\/\\\/karesantegroupe.com\\\/#organization\",\"name\":\"Kare Sant\u00e9 Groupe\",\"url\":\"https:\\\/\\\/karesantegroupe.com\\\/\",\"logo\":{\"@type\":\"ImageObject\",\"inLanguage\":\"es\",\"@id\":\"https:\\\/\\\/karesantegroupe.com\\\/#\\\/schema\\\/logo\\\/image\\\/\",\"url\":\"https:\\\/\\\/karesantegroupe.com\\\/wp-content\\\/uploads\\\/2025\\\/10\\\/KARE-SANTE_HORIZONTAL_COULEURS-scaled.png\",\"contentUrl\":\"https:\\\/\\\/karesantegroupe.com\\\/wp-content\\\/uploads\\\/2025\\\/10\\\/KARE-SANTE_HORIZONTAL_COULEURS-scaled.png\",\"width\":2560,\"height\":951,\"caption\":\"Kare Sant\u00e9 Groupe\"},\"image\":{\"@id\":\"https:\\\/\\\/karesantegroupe.com\\\/#\\\/schema\\\/logo\\\/image\\\/\"},\"sameAs\":[\"https:\\\/\\\/www.facebook.com\\\/people\\\/Cartepharmaclub\\\/100083269878462\\\/\",\"https:\\\/\\\/www.instagram.com\\\/kare_le_club\\\/\",\"https:\\\/\\\/www.linkedin.com\\\/company\\\/karesante\\\/\"]}]}<\/script>\n<!-- \/ Yoast SEO plugin. -->","yoast_head_json":{"title":"Donn\u00e9es personnelles - Kare Sant\u00e9 Groupe","robots":{"index":"index","follow":"follow","max-snippet":"max-snippet:-1","max-image-preview":"max-image-preview:large","max-video-preview":"max-video-preview:-1"},"canonical":"https:\/\/karesantegroupe.com\/es\/donnees-personnelles\/","og_locale":"es_ES","og_type":"article","og_title":"Donn\u00e9es personnelles - Kare Sant\u00e9 Groupe","og_url":"https:\/\/karesantegroupe.com\/es\/donnees-personnelles\/","og_site_name":"Kare Sant\u00e9 Groupe","article_publisher":"https:\/\/www.facebook.com\/people\/Cartepharmaclub\/100083269878462\/","article_modified_time":"2021-10-08T08:36:35+00:00","twitter_card":"summary_large_image","twitter_misc":{"Tiempo de lectura":"6 minutos"},"schema":{"@context":"https:\/\/schema.org","@graph":[{"@type":"WebPage","@id":"https:\/\/karesantegroupe.com\/donnees-personnelles\/","url":"https:\/\/karesantegroupe.com\/donnees-personnelles\/","name":"Donn\u00e9es personnelles - Kare Sant\u00e9 Groupe","isPartOf":{"@id":"https:\/\/karesantegroupe.com\/#website"},"datePublished":"2021-10-08T08:34:48+00:00","dateModified":"2021-10-08T08:36:35+00:00","breadcrumb":{"@id":"https:\/\/karesantegroupe.com\/donnees-personnelles\/#breadcrumb"},"inLanguage":"es","potentialAction":[{"@type":"ReadAction","target":["https:\/\/karesantegroupe.com\/donnees-personnelles\/"]}]},{"@type":"BreadcrumbList","@id":"https:\/\/karesantegroupe.com\/donnees-personnelles\/#breadcrumb","itemListElement":[{"@type":"ListItem","position":1,"name":"Accueil","item":"https:\/\/karesantegroupe.com\/accueil\/"},{"@type":"ListItem","position":2,"name":"Donn\u00e9es personnelles"}]},{"@type":"WebSite","@id":"https:\/\/karesantegroupe.com\/#website","url":"https:\/\/karesantegroupe.com\/","name":"Kare Sant\u00e9 Groupe","description":"Un site utilisant WordPress","publisher":{"@id":"https:\/\/karesantegroupe.com\/#organization"},"potentialAction":[{"@type":"SearchAction","target":{"@type":"EntryPoint","urlTemplate":"https:\/\/karesantegroupe.com\/?s={search_term_string}"},"query-input":{"@type":"PropertyValueSpecification","valueRequired":true,"valueName":"search_term_string"}}],"inLanguage":"es"},{"@type":"Organization","@id":"https:\/\/karesantegroupe.com\/#organization","name":"Kare Sant\u00e9 Groupe","url":"https:\/\/karesantegroupe.com\/","logo":{"@type":"ImageObject","inLanguage":"es","@id":"https:\/\/karesantegroupe.com\/#\/schema\/logo\/image\/","url":"https:\/\/karesantegroupe.com\/wp-content\/uploads\/2025\/10\/KARE-SANTE_HORIZONTAL_COULEURS-scaled.png","contentUrl":"https:\/\/karesantegroupe.com\/wp-content\/uploads\/2025\/10\/KARE-SANTE_HORIZONTAL_COULEURS-scaled.png","width":2560,"height":951,"caption":"Kare Sant\u00e9 Groupe"},"image":{"@id":"https:\/\/karesantegroupe.com\/#\/schema\/logo\/image\/"},"sameAs":["https:\/\/www.facebook.com\/people\/Cartepharmaclub\/100083269878462\/","https:\/\/www.instagram.com\/kare_le_club\/","https:\/\/www.linkedin.com\/company\/karesante\/"]}]}},"_links":{"self":[{"href":"https:\/\/karesantegroupe.com\/es\/wp-json\/wp\/v2\/pages\/4810","targetHints":{"allow":["GET"]}}],"collection":[{"href":"https:\/\/karesantegroupe.com\/es\/wp-json\/wp\/v2\/pages"}],"about":[{"href":"https:\/\/karesantegroupe.com\/es\/wp-json\/wp\/v2\/types\/page"}],"author":[{"embeddable":true,"href":"https:\/\/karesantegroupe.com\/es\/wp-json\/wp\/v2\/users\/1"}],"replies":[{"embeddable":true,"href":"https:\/\/karesantegroupe.com\/es\/wp-json\/wp\/v2\/comments?post=4810"}],"version-history":[{"count":2,"href":"https:\/\/karesantegroupe.com\/es\/wp-json\/wp\/v2\/pages\/4810\/revisions"}],"predecessor-version":[{"id":4813,"href":"https:\/\/karesantegroupe.com\/es\/wp-json\/wp\/v2\/pages\/4810\/revisions\/4813"}],"wp:attachment":[{"href":"https:\/\/karesantegroupe.com\/es\/wp-json\/wp\/v2\/media?parent=4810"}],"curies":[{"name":"wp","href":"https:\/\/api.w.org\/{rel}","templated":true}]}}