{"id":5841,"date":"2024-12-16T15:46:07","date_gmt":"2024-12-16T14:46:07","guid":{"rendered":"https:\/\/cpc-pharma.com\/?page_id=5841"},"modified":"2024-12-18T15:38:43","modified_gmt":"2024-12-18T14:38:43","slug":"enovis-ortho","status":"publish","type":"page","link":"https:\/\/karesantegroupe.com\/es\/enovis-ortho\/","title":{"rendered":"ENOVIS &#8211; ORTHO"},"content":{"rendered":"<div  class='avia-image-container  av-styling-    avia-builder-el-0  el_before_av_one_full  avia-builder-el-first  avia-align-center'  itemprop=\"image\" itemscope=\"itemscope\" itemtype=\"https:\/\/schema.org\/ImageObject\"  ><div class='avia-image-container-inner'><div class='avia-image-overlay-wrap'><img decoding=\"async\" class='wp-image-0 avia-img-lazy-loading-not-0 avia_image' src=\"https:\/\/cpc-pharma.com\/wp-content\/uploads\/2024\/12\/Couv-YOU-TUBE-FRANCEBENELUX_RS-BV-CHARTE-2022-scaled.jpg\" alt='' title=''   itemprop=\"thumbnailUrl\"  \/><\/div><\/div><\/div>\n<div class=\"flex_column av_one_full  flex_column_div av-zero-column-padding first  avia-builder-el-1  el_after_av_image  el_before_av_one_full\" style='border-radius:0px; '><div  class='avia-video avia-video-16-9 avia-video-html5'   itemprop=\"video\" itemtype=\"https:\/\/schema.org\/VideoObject\"  data-original_url='https:\/\/cpc-pharma.com\/wp-content\/uploads\/2024\/12\/Enovis\u2122-cest-creer-la-prochaine-generation-des-possibles-ensemble-1-1.mp4' ><video class='avia_video'    preload=\"auto\"  controls id='player_5841_352477989_1067657814'><source src=\"https:\/\/cpc-pharma.com\/wp-content\/uploads\/2024\/12\/Enovis\u2122-cest-creer-la-prochaine-generation-des-possibles-ensemble-1-1.mp4\" type=\"video\/mp4\" \/><\/video><\/div><\/div>\n<div class=\"flex_column av_one_full  flex_column_div av-zero-column-padding first  avia-builder-el-3  el_after_av_one_full  el_before_av_one_full  column-top-margin\" style='border-radius:0px; '><section class=\"av_textblock_section\"  itemscope=\"itemscope\" itemtype=\"https:\/\/schema.org\/CreativeWork\" ><div class='avia_textblock  av_inherit_color'  style='color:#000000; '  itemprop=\"text\" ><p>Le groupe Enovis\u2122 est un des leaders mondiaux du march\u00e9 en orthop\u00e9die, r\u00e9\u00e9ducation et implants chirurgicaux qui vous apporte une <strong>r\u00e9ponse adapt\u00e9e \u00e0 chaque pathologie<\/strong> gr\u00e2ce \u00e0 une largeur de gamme efficace.<\/p>\n<p>Distribu\u00e9 dans plus de 80 pays, Enovis\u2122 est un <strong>concentr\u00e9 de marques dynamiques et innovantes<\/strong> telles que Aircast\u00ae et DonJoy\u00ae.<\/p>\n<\/div><\/section><\/div>\n<div class=\"flex_column av_one_full  flex_column_div av-zero-column-padding first  avia-builder-el-5  el_after_av_one_full  el_before_av_one_full  column-top-margin\" style='border-radius:0px; '><div  class='avia-image-container  av-styling-    avia-builder-el-6  avia-builder-el-no-sibling  avia-align-center'  itemprop=\"image\" itemscope=\"itemscope\" itemtype=\"https:\/\/schema.org\/ImageObject\"  ><div class='avia-image-container-inner'><div class='avia-image-overlay-wrap'><img decoding=\"async\" class='wp-image-0 avia-img-lazy-loading-not-0 avia_image' src=\"https:\/\/cpc-pharma.com\/wp-content\/uploads\/2024\/12\/Image2.jpg\" alt='' title=''   itemprop=\"thumbnailUrl\"  \/><\/div><\/div><\/div><\/div>\n<div class=\"flex_column av_one_full  flex_column_div av-zero-column-padding first  avia-builder-el-7  el_after_av_one_full  el_before_av_one_half  column-top-margin\" style='border-radius:0px; '><section class=\"av_textblock_section\"  itemscope=\"itemscope\" itemtype=\"https:\/\/schema.org\/CreativeWork\" ><div class='avia_textblock  av_inherit_color'  style='color:#000000; '  itemprop=\"text\" ><h2 style=\"text-align: center;\"><strong>LES PRODUITS-PHARE POUR LES PATIENTS<\/strong><\/h2>\n<p style=\"text-align: center;\"><em>A chaque pathologie, sa solution\u00a0!<\/em><\/p>\n<\/div><\/section><\/div>\n<div class=\"flex_column av_one_half  flex_column_div av-zero-column-padding first  avia-builder-el-9  el_after_av_one_full  el_before_av_one_half  column-top-margin\" style='border-radius:0px; '><section class=\"av_textblock_section\"  itemscope=\"itemscope\" itemtype=\"https:\/\/schema.org\/CreativeWork\" ><div class='avia_textblock  av_inherit_color'  style='color:#000000; '  itemprop=\"text\" ><h2><strong>PREVENTION<\/strong><\/h2>\n<p>Besoin de contention pour la cheville\u00a0? Optez pour la chevill\u00e8re <strong>StrapiLax\u2122 Cheville DonJoy<\/strong>\u00ae\u00a0qui vous apportera confort et s\u00e9curit\u00e9 !<\/p>\n<p><strong>Guide patient<\/strong> :\u00a0<a href=\"https:\/\/enovis-medtech.eu\/fr_FR\/DonJoy-Strapilax-Cheville-74137.html\">Strapilax Cheville DonJoy<\/a><\/p>\n<\/div><\/section><\/div>\n<div class=\"flex_column av_one_half  flex_column_div av-zero-column-padding   avia-builder-el-11  el_after_av_one_half  el_before_av_hr  column-top-margin\" style='border-radius:0px; '><div  class='avia-image-container  av-styling-    avia-builder-el-12  avia-builder-el-no-sibling  avia-align-center'  itemprop=\"image\" itemscope=\"itemscope\" itemtype=\"https:\/\/schema.org\/ImageObject\"  ><div class='avia-image-container-inner'><div class='avia-image-overlay-wrap'><img decoding=\"async\" class='wp-image-0 avia-img-lazy-loading-not-0 avia_image' src=\"https:\/\/cpc-pharma.com\/wp-content\/uploads\/2024\/12\/Image5.png\" alt='' title=''   itemprop=\"thumbnailUrl\"  \/><\/div><\/div><\/div><\/div>\n<div   class='hr hr-default   avia-builder-el-13  el_after_av_one_half  el_before_av_one_half'><span class='hr-inner' ><span class='hr-inner-style'><\/span><\/span><\/div>\n<div class=\"flex_column av_one_half  flex_column_div av-zero-column-padding first  avia-builder-el-14  el_after_av_hr  el_before_av_one_half\" style='border-radius:0px; '><div  class='avia-image-container  av-styling-    avia-builder-el-15  avia-builder-el-no-sibling  avia-align-center'  itemprop=\"image\" itemscope=\"itemscope\" itemtype=\"https:\/\/schema.org\/ImageObject\"  ><div class='avia-image-container-inner'><div class='avia-image-overlay-wrap'><img decoding=\"async\" class='wp-image-0 avia-img-lazy-loading-not-0 avia_image' src=\"https:\/\/cpc-pharma.com\/wp-content\/uploads\/2024\/12\/Image6.png\" alt='' title=''   itemprop=\"thumbnailUrl\"  \/><\/div><\/div><\/div><\/div>\n<div class=\"flex_column av_one_half  flex_column_div av-zero-column-padding   avia-builder-el-16  el_after_av_one_half  el_before_av_hr\" style='border-radius:0px; '><section class=\"av_textblock_section\"  itemscope=\"itemscope\" itemtype=\"https:\/\/schema.org\/CreativeWork\" ><div class='avia_textblock  av_inherit_color'  style='color:#000000; '  itemprop=\"text\" ><h2><strong>POST-TRAUMA<\/strong><\/h2>\n<p>Entorse du poignet\u00a0? L\u2019attelle thermoformable <strong>Exos Poignet-Main<\/strong> est une r\u00e9elle alternative aux pl\u00e2tres et r\u00e9sines classiques, modelable et radio-transparente, permettant de pratiquer votre activit\u00e9 aquatique le temps de la r\u00e9\u00e9ducation.<\/p>\n<p><strong>Blog<\/strong> :\u00a0<a href=\"https:\/\/enovis-medtech.eu\/blog\/fractures-poignet\/\">Exos Poignet-Main <\/a><\/p>\n<\/div><\/section><\/div>\n<div   class='hr hr-default   avia-builder-el-18  el_after_av_one_half  el_before_av_one_half'><span class='hr-inner' ><span class='hr-inner-style'><\/span><\/span><\/div>\n<div class=\"flex_column av_one_half  flex_column_div av-zero-column-padding first  avia-builder-el-19  el_after_av_hr  el_before_av_one_half\" style='border-radius:0px; '><section class=\"av_textblock_section\"  itemscope=\"itemscope\" itemtype=\"https:\/\/schema.org\/CreativeWork\" ><div class='avia_textblock  av_inherit_color'  style='color:#000000; '  itemprop=\"text\" ><h2><strong>POST-OP<\/strong><\/h2>\n<p>Vous avez \u00e9t\u00e9 op\u00e9r\u00e9 des ligaments crois\u00e9s\u00a0? L\u2019attelle <strong>SE 4 Points<\/strong> <strong>DonJoy\u00ae<\/strong> vous accompagne au quotidien pour une r\u00e9\u00e9ducation optimale et un retour \u00e0 votre activit\u00e9 pr\u00e9f\u00e9r\u00e9e plus rapide !<\/p>\n<p><strong>Vid\u00e9o de mise en place<\/strong> :\u00a0<a href=\"https:\/\/www.youtube.com\/watch?v=XUNuDPRn2_U\">SE 4 Points DonJoy<\/a><\/p>\n<\/div><\/section><\/div>\n<div class=\"flex_column av_one_half  flex_column_div av-zero-column-padding   avia-builder-el-21  el_after_av_one_half  el_before_av_hr\" style='border-radius:0px; '><div  class='avia-image-container  av-styling-    avia-builder-el-22  avia-builder-el-no-sibling  avia-align-center'  itemprop=\"image\" itemscope=\"itemscope\" itemtype=\"https:\/\/schema.org\/ImageObject\"  ><div class='avia-image-container-inner'><div class='avia-image-overlay-wrap'><img decoding=\"async\" class='wp-image-0 avia-img-lazy-loading-not-0 avia_image' src=\"https:\/\/cpc-pharma.com\/wp-content\/uploads\/2024\/12\/Image3.png\" alt='' title=''   itemprop=\"thumbnailUrl\"  \/><\/div><\/div><\/div><\/div>\n<div   class='hr hr-default   avia-builder-el-23  el_after_av_one_half  el_before_av_one_half'><span class='hr-inner' ><span class='hr-inner-style'><\/span><\/span><\/div>\n<div class=\"flex_column av_one_half  flex_column_div av-zero-column-padding first  avia-builder-el-24  el_after_av_hr  el_before_av_one_half\" style='border-radius:0px; '><div  class='avia-image-container  av-styling-    avia-builder-el-25  avia-builder-el-no-sibling  avia-align-center'  itemprop=\"image\" itemscope=\"itemscope\" itemtype=\"https:\/\/schema.org\/ImageObject\"  ><div class='avia-image-container-inner'><div class='avia-image-overlay-wrap'><img decoding=\"async\" class='wp-image-0 avia-img-lazy-loading-not-0 avia_image' src=\"https:\/\/cpc-pharma.com\/wp-content\/uploads\/2024\/12\/Image4.png\" alt='' title=''   itemprop=\"thumbnailUrl\"  \/><\/div><\/div><\/div><\/div>\n<div class=\"flex_column av_one_half  flex_column_div av-zero-column-padding   avia-builder-el-26  el_after_av_one_half  el_before_av_hr\" style='border-radius:0px; '><section class=\"av_textblock_section\"  itemscope=\"itemscope\" itemtype=\"https:\/\/schema.org\/CreativeWork\" ><div class='avia_textblock  av_inherit_color'  style='color:#000000; '  itemprop=\"text\" ><h2><strong>CHRONIQUE<\/strong><\/h2>\n<p>Lombalgie chronique\u00a0? Portez la ceinture lombaire <strong>ActiStrap\u2122 DonJoy\u00ae<\/strong><\/p>\n<p><strong>Notre guide<\/strong> :\u00a0<a href=\"https:\/\/enovis-medtech.eu\/media\/storage.djoglobal.eu\/fr_FR\/Documents\/Documents_2023\/Guide_Patient_Maux_du_dos_-_Enovis_France-II.pdf\">ActiStrap DonJoy<\/a><\/p>\n<\/div><\/section><\/div>\n<div   class='hr hr-default   avia-builder-el-28  el_after_av_one_half  el_before_av_one_half'><span class='hr-inner' ><span class='hr-inner-style'><\/span><\/span><\/div>\n<div class=\"flex_column av_one_half  flex_column_div av-zero-column-padding first  avia-builder-el-29  el_after_av_hr  el_before_av_one_half\" style='border-radius:0px; '><section class=\"av_textblock_section\"  itemscope=\"itemscope\" itemtype=\"https:\/\/schema.org\/CreativeWork\" ><div class='avia_textblock  av_inherit_color'  style='color:#000000; '  itemprop=\"text\" ><h2><strong>GONARTHROSE<\/strong><\/h2>\n<p>Vous souffrez d\u2019arthrose du genou\u00a0? Qu\u2019elle soit d\u00e9butante ou bien install\u00e9e, nous avons une solution \u00e0 chaque cas de figure. D\u00e9couvrez la <strong>OA Go DonJoy<\/strong>\u00ae, v\u00e9ritable innovation \u00e0 disposition des patients\u00a0!<\/p>\n<p><strong>Notre guide<\/strong> :\u00a0<a href=\"https:\/\/enovis-medtech.eu\/media\/storage.djoglobal.eu\/fr_FR\/Documents\/Documents_2024\/Guide%20Patient%20-%20Gonarthrose%20Enovis%20France.pdf\">OA Go DonJoy<\/a><\/p>\n<\/div><\/section><\/div>\n<div class=\"flex_column av_one_half  flex_column_div av-zero-column-padding   avia-builder-el-31  el_after_av_one_half  el_before_av_one_full\" style='border-radius:0px; '><div  class='avia-image-container  av-styling-    avia-builder-el-32  avia-builder-el-no-sibling  avia-align-center'  itemprop=\"image\" itemscope=\"itemscope\" itemtype=\"https:\/\/schema.org\/ImageObject\"  ><div class='avia-image-container-inner'><div class='avia-image-overlay-wrap'><img decoding=\"async\" class='wp-image-0 avia-img-lazy-loading-not-0 avia_image' src=\"https:\/\/cpc-pharma.com\/wp-content\/uploads\/2024\/12\/Image7.png\" alt='' title=''   itemprop=\"thumbnailUrl\"  \/><\/div><\/div><\/div><\/div>\n<div class=\"flex_column av_one_full  flex_column_div av-zero-column-padding first  avia-builder-el-33  el_after_av_one_half  avia-builder-el-last  column-top-margin\" style='border-radius:0px; '><section class=\"av_textblock_section\"  itemscope=\"itemscope\" itemtype=\"https:\/\/schema.org\/CreativeWork\" ><div class='avia_textblock'   itemprop=\"text\" ><p><em>Dispositifs m\u00e9dicaux de classe I. Fabricant\u00a0: DJO LLC \u2013 USA.<\/em><\/p>\n<p><em>Lire attentivement les notices. Demander conseil \u00e0 un professionnel de sant\u00e9.<\/em><\/p>\n<\/div><\/section><\/div>","protected":false},"excerpt":{"rendered":"","protected":false},"author":4,"featured_media":0,"parent":0,"menu_order":0,"comment_status":"closed","ping_status":"closed","template":"","meta":{"footnotes":""},"class_list":["post-5841","page","type-page","status-publish","hentry"],"yoast_head":"<!-- This site is optimized with the Yoast SEO plugin v27.4 - https:\/\/yoast.com\/product\/yoast-seo-wordpress\/ -->\n<title>ENOVIS - ORTHO - Kare Sant\u00e9 Groupe<\/title>\n<meta name=\"robots\" content=\"index, follow, max-snippet:-1, max-image-preview:large, max-video-preview:-1\" \/>\n<link rel=\"canonical\" href=\"https:\/\/karesantegroupe.com\/es\/enovis-ortho\/\" \/>\n<meta property=\"og:locale\" content=\"es_ES\" \/>\n<meta property=\"og:type\" content=\"article\" \/>\n<meta property=\"og:title\" content=\"ENOVIS - ORTHO - Kare Sant\u00e9 Groupe\" \/>\n<meta property=\"og:url\" content=\"https:\/\/karesantegroupe.com\/es\/enovis-ortho\/\" \/>\n<meta property=\"og:site_name\" content=\"Kare Sant\u00e9 Groupe\" \/>\n<meta property=\"article:publisher\" content=\"https:\/\/www.facebook.com\/people\/Cartepharmaclub\/100083269878462\/\" \/>\n<meta property=\"article:modified_time\" content=\"2024-12-18T14:38:43+00:00\" \/>\n<meta name=\"twitter:card\" content=\"summary_large_image\" \/>\n<meta name=\"twitter:label1\" content=\"Tiempo de lectura\" \/>\n\t<meta name=\"twitter:data1\" content=\"7 minutos\" \/>\n<script type=\"application\/ld+json\" class=\"yoast-schema-graph\">{\"@context\":\"https:\\\/\\\/schema.org\",\"@graph\":[{\"@type\":\"WebPage\",\"@id\":\"https:\\\/\\\/karesantegroupe.com\\\/enovis-ortho\\\/\",\"url\":\"https:\\\/\\\/karesantegroupe.com\\\/enovis-ortho\\\/\",\"name\":\"ENOVIS - ORTHO - Kare Sant\u00e9 Groupe\",\"isPartOf\":{\"@id\":\"https:\\\/\\\/karesantegroupe.com\\\/#website\"},\"datePublished\":\"2024-12-16T14:46:07+00:00\",\"dateModified\":\"2024-12-18T14:38:43+00:00\",\"breadcrumb\":{\"@id\":\"https:\\\/\\\/karesantegroupe.com\\\/enovis-ortho\\\/#breadcrumb\"},\"inLanguage\":\"es\",\"potentialAction\":[{\"@type\":\"ReadAction\",\"target\":[\"https:\\\/\\\/karesantegroupe.com\\\/enovis-ortho\\\/\"]}]},{\"@type\":\"BreadcrumbList\",\"@id\":\"https:\\\/\\\/karesantegroupe.com\\\/enovis-ortho\\\/#breadcrumb\",\"itemListElement\":[{\"@type\":\"ListItem\",\"position\":1,\"name\":\"Accueil\",\"item\":\"https:\\\/\\\/karesantegroupe.com\\\/accueil\\\/\"},{\"@type\":\"ListItem\",\"position\":2,\"name\":\"ENOVIS &#8211; ORTHO\"}]},{\"@type\":\"WebSite\",\"@id\":\"https:\\\/\\\/karesantegroupe.com\\\/#website\",\"url\":\"https:\\\/\\\/karesantegroupe.com\\\/\",\"name\":\"Kare Sant\u00e9 Groupe\",\"description\":\"Un site utilisant WordPress\",\"publisher\":{\"@id\":\"https:\\\/\\\/karesantegroupe.com\\\/#organization\"},\"potentialAction\":[{\"@type\":\"SearchAction\",\"target\":{\"@type\":\"EntryPoint\",\"urlTemplate\":\"https:\\\/\\\/karesantegroupe.com\\\/?s={search_term_string}\"},\"query-input\":{\"@type\":\"PropertyValueSpecification\",\"valueRequired\":true,\"valueName\":\"search_term_string\"}}],\"inLanguage\":\"es\"},{\"@type\":\"Organization\",\"@id\":\"https:\\\/\\\/karesantegroupe.com\\\/#organization\",\"name\":\"Kare Sant\u00e9 Groupe\",\"url\":\"https:\\\/\\\/karesantegroupe.com\\\/\",\"logo\":{\"@type\":\"ImageObject\",\"inLanguage\":\"es\",\"@id\":\"https:\\\/\\\/karesantegroupe.com\\\/#\\\/schema\\\/logo\\\/image\\\/\",\"url\":\"https:\\\/\\\/karesantegroupe.com\\\/wp-content\\\/uploads\\\/2025\\\/10\\\/KARE-SANTE_HORIZONTAL_COULEURS-scaled.png\",\"contentUrl\":\"https:\\\/\\\/karesantegroupe.com\\\/wp-content\\\/uploads\\\/2025\\\/10\\\/KARE-SANTE_HORIZONTAL_COULEURS-scaled.png\",\"width\":2560,\"height\":951,\"caption\":\"Kare Sant\u00e9 Groupe\"},\"image\":{\"@id\":\"https:\\\/\\\/karesantegroupe.com\\\/#\\\/schema\\\/logo\\\/image\\\/\"},\"sameAs\":[\"https:\\\/\\\/www.facebook.com\\\/people\\\/Cartepharmaclub\\\/100083269878462\\\/\",\"https:\\\/\\\/www.instagram.com\\\/kare_le_club\\\/\",\"https:\\\/\\\/www.linkedin.com\\\/company\\\/karesante\\\/\"]}]}<\/script>\n<!-- \/ Yoast SEO plugin. -->","yoast_head_json":{"title":"ENOVIS - ORTHO - Kare Sant\u00e9 Groupe","robots":{"index":"index","follow":"follow","max-snippet":"max-snippet:-1","max-image-preview":"max-image-preview:large","max-video-preview":"max-video-preview:-1"},"canonical":"https:\/\/karesantegroupe.com\/es\/enovis-ortho\/","og_locale":"es_ES","og_type":"article","og_title":"ENOVIS - ORTHO - Kare Sant\u00e9 Groupe","og_url":"https:\/\/karesantegroupe.com\/es\/enovis-ortho\/","og_site_name":"Kare Sant\u00e9 Groupe","article_publisher":"https:\/\/www.facebook.com\/people\/Cartepharmaclub\/100083269878462\/","article_modified_time":"2024-12-18T14:38:43+00:00","twitter_card":"summary_large_image","twitter_misc":{"Tiempo de lectura":"7 minutos"},"schema":{"@context":"https:\/\/schema.org","@graph":[{"@type":"WebPage","@id":"https:\/\/karesantegroupe.com\/enovis-ortho\/","url":"https:\/\/karesantegroupe.com\/enovis-ortho\/","name":"ENOVIS - ORTHO - Kare Sant\u00e9 Groupe","isPartOf":{"@id":"https:\/\/karesantegroupe.com\/#website"},"datePublished":"2024-12-16T14:46:07+00:00","dateModified":"2024-12-18T14:38:43+00:00","breadcrumb":{"@id":"https:\/\/karesantegroupe.com\/enovis-ortho\/#breadcrumb"},"inLanguage":"es","potentialAction":[{"@type":"ReadAction","target":["https:\/\/karesantegroupe.com\/enovis-ortho\/"]}]},{"@type":"BreadcrumbList","@id":"https:\/\/karesantegroupe.com\/enovis-ortho\/#breadcrumb","itemListElement":[{"@type":"ListItem","position":1,"name":"Accueil","item":"https:\/\/karesantegroupe.com\/accueil\/"},{"@type":"ListItem","position":2,"name":"ENOVIS &#8211; ORTHO"}]},{"@type":"WebSite","@id":"https:\/\/karesantegroupe.com\/#website","url":"https:\/\/karesantegroupe.com\/","name":"Kare Sant\u00e9 Groupe","description":"Un site utilisant WordPress","publisher":{"@id":"https:\/\/karesantegroupe.com\/#organization"},"potentialAction":[{"@type":"SearchAction","target":{"@type":"EntryPoint","urlTemplate":"https:\/\/karesantegroupe.com\/?s={search_term_string}"},"query-input":{"@type":"PropertyValueSpecification","valueRequired":true,"valueName":"search_term_string"}}],"inLanguage":"es"},{"@type":"Organization","@id":"https:\/\/karesantegroupe.com\/#organization","name":"Kare Sant\u00e9 Groupe","url":"https:\/\/karesantegroupe.com\/","logo":{"@type":"ImageObject","inLanguage":"es","@id":"https:\/\/karesantegroupe.com\/#\/schema\/logo\/image\/","url":"https:\/\/karesantegroupe.com\/wp-content\/uploads\/2025\/10\/KARE-SANTE_HORIZONTAL_COULEURS-scaled.png","contentUrl":"https:\/\/karesantegroupe.com\/wp-content\/uploads\/2025\/10\/KARE-SANTE_HORIZONTAL_COULEURS-scaled.png","width":2560,"height":951,"caption":"Kare Sant\u00e9 Groupe"},"image":{"@id":"https:\/\/karesantegroupe.com\/#\/schema\/logo\/image\/"},"sameAs":["https:\/\/www.facebook.com\/people\/Cartepharmaclub\/100083269878462\/","https:\/\/www.instagram.com\/kare_le_club\/","https:\/\/www.linkedin.com\/company\/karesante\/"]}]}},"_links":{"self":[{"href":"https:\/\/karesantegroupe.com\/es\/wp-json\/wp\/v2\/pages\/5841","targetHints":{"allow":["GET"]}}],"collection":[{"href":"https:\/\/karesantegroupe.com\/es\/wp-json\/wp\/v2\/pages"}],"about":[{"href":"https:\/\/karesantegroupe.com\/es\/wp-json\/wp\/v2\/types\/page"}],"author":[{"embeddable":true,"href":"https:\/\/karesantegroupe.com\/es\/wp-json\/wp\/v2\/users\/4"}],"replies":[{"embeddable":true,"href":"https:\/\/karesantegroupe.com\/es\/wp-json\/wp\/v2\/comments?post=5841"}],"version-history":[{"count":60,"href":"https:\/\/karesantegroupe.com\/es\/wp-json\/wp\/v2\/pages\/5841\/revisions"}],"predecessor-version":[{"id":9361,"href":"https:\/\/karesantegroupe.com\/es\/wp-json\/wp\/v2\/pages\/5841\/revisions\/9361"}],"wp:attachment":[{"href":"https:\/\/karesantegroupe.com\/es\/wp-json\/wp\/v2\/media?parent=5841"}],"curies":[{"name":"wp","href":"https:\/\/api.w.org\/{rel}","templated":true}]}}