{"id":7240,"date":"2024-12-16T15:45:39","date_gmt":"2024-12-16T14:45:39","guid":{"rendered":"https:\/\/cpc-pharma.com\/?page_id=7240"},"modified":"2024-12-18T15:40:16","modified_gmt":"2024-12-18T14:40:16","slug":"compex","status":"publish","type":"page","link":"https:\/\/karesantegroupe.com\/es\/compex\/","title":{"rendered":"COMPEX"},"content":{"rendered":"<div class=\"flex_column av_one_full  flex_column_div av-zero-column-padding first  avia-builder-el-0  el_before_av_hr  avia-builder-el-first\" style='border-radius:0px; '><div  class='avia-image-container  av-styling-    avia-builder-el-1  avia-builder-el-no-sibling  avia-align-center'  itemprop=\"image\" itemscope=\"itemscope\" itemtype=\"https:\/\/schema.org\/ImageObject\"  ><div class='avia-image-container-inner'><div class='avia-image-overlay-wrap'><img decoding=\"async\" class='wp-image-0 avia-img-lazy-loading-not-0 avia_image' src=\"https:\/\/cpc-pharma.com\/wp-content\/uploads\/2024\/12\/1718358975040-ca43e53c-7b90-4818-b77f-f2774a4985b6_6.jpg\" alt='' title=''   itemprop=\"thumbnailUrl\"  \/><\/div><\/div><\/div><\/div>\n<div   class='hr hr-default   avia-builder-el-2  el_after_av_one_full  el_before_av_textblock'><span class='hr-inner' ><span class='hr-inner-style'><\/span><\/span><\/div>\n<section class=\"av_textblock_section\"  itemscope=\"itemscope\" itemtype=\"https:\/\/schema.org\/CreativeWork\" ><div class='avia_textblock  av_inherit_color'   itemprop=\"text\" ><p><strong>Compex\u00ae<\/strong> est une marque d&rsquo;origine suisse qui a d\u00e9velopp\u00e9 en un peu <strong>plus de 35 ans une expertise <\/strong>sans pr\u00e9c\u00e9dent dans les domaines de la <strong>r\u00e9\u00e9ducation, du traitement de la douleur et de l&rsquo;entra\u00eenement sportif.<\/strong><\/p>\n<\/div><\/section>\n<div class=\"flex_column av_one_third  flex_column_div av-zero-column-padding first  avia-builder-el-4  el_after_av_textblock  el_before_av_one_third  column-top-margin\" style='border-radius:0px; '><div  class='avia-image-container  av-styling-    avia-builder-el-5  avia-builder-el-no-sibling  avia-align-center'  itemprop=\"image\" itemscope=\"itemscope\" itemtype=\"https:\/\/schema.org\/ImageObject\"  ><div class='avia-image-container-inner'><div class='avia-image-overlay-wrap'><img decoding=\"async\" class='wp-image-0 avia-img-lazy-loading-not-0 avia_image' src=\"https:\/\/cpc-pharma.com\/wp-content\/uploads\/2024\/12\/SP02-2533116-300x300.jpg\" alt='' title=''   itemprop=\"thumbnailUrl\"  \/><\/div><\/div><\/div><\/div>\n<div class=\"flex_column av_one_third  flex_column_div av-zero-column-padding   avia-builder-el-6  el_after_av_one_third  el_before_av_one_third  column-top-margin\" style='border-radius:0px; '><div  class='avia-image-container  av-styling-    avia-builder-el-7  avia-builder-el-no-sibling  avia-align-center'  itemprop=\"image\" itemscope=\"itemscope\" itemtype=\"https:\/\/schema.org\/ImageObject\"  ><div class='avia-image-container-inner'><div class='avia-image-overlay-wrap'><img decoding=\"async\" class='wp-image-0 avia-img-lazy-loading-not-0 avia_image' src=\"https:\/\/cpc-pharma.com\/wp-content\/uploads\/2024\/12\/SP01-82-0151ST-1-300x300.jpg\" alt='' title=''   itemprop=\"thumbnailUrl\"  \/><\/div><\/div><\/div><\/div>\n<div class=\"flex_column av_one_third  flex_column_div av-zero-column-padding   avia-builder-el-8  el_after_av_one_third  el_before_av_one_full  column-top-margin\" style='border-radius:0px; '><div  class='avia-image-container  av-styling-    avia-builder-el-9  avia-builder-el-no-sibling  avia-align-center'  itemprop=\"image\" itemscope=\"itemscope\" itemtype=\"https:\/\/schema.org\/ImageObject\"  ><div class='avia-image-container-inner'><div class='avia-image-overlay-wrap'><img decoding=\"async\" class='wp-image-0 avia-img-lazy-loading-not-0 avia_image' src=\"https:\/\/cpc-pharma.com\/wp-content\/uploads\/2024\/12\/SP03-CX225SX01-BLK-300x300.jpg\" alt='' title=''   itemprop=\"thumbnailUrl\"  \/><\/div><\/div><\/div><\/div>\n<div class=\"flex_column av_one_full  flex_column_div av-zero-column-padding first  avia-builder-el-10  el_after_av_one_third  el_before_av_one_full  column-top-margin\" style='border-radius:0px; '><section class=\"av_textblock_section\"  itemscope=\"itemscope\" itemtype=\"https:\/\/schema.org\/CreativeWork\" ><div class='avia_textblock'   itemprop=\"text\" ><p>La stimulation musculaire, technologie-phare de Compex\u00ae, s&rsquo;est impos\u00e9e au fil des ann\u00e9es comme l&rsquo;alli\u00e9e incontournable des professionnels de la sant\u00e9 et des sportifs les plus exigeants. C&rsquo;est aujourd&rsquo;hui une technique d&rsquo;entra\u00eenement largement r\u00e9pandue, utilis\u00e9e pour la pr\u00e9paration physique, la r\u00e9cup\u00e9ration musculaire, la pr\u00e9vention des blessures, la r\u00e9\u00e9ducation ou le traitement des douleurs.<\/p>\n<\/div><\/section><\/div>\n<div class=\"flex_column av_one_full  flex_column_div av-zero-column-padding first  avia-builder-el-12  el_after_av_one_full  el_before_av_one_half  column-top-margin\" style='border-radius:0px; '><section class=\"av_textblock_section\"  itemscope=\"itemscope\" itemtype=\"https:\/\/schema.org\/CreativeWork\" ><div class='avia_textblock  av_inherit_color'  style='color:#000000; '  itemprop=\"text\" ><h2><strong>L\u2019Expertise d\u2019une grande marque au service de vos patients sportifs<\/strong><\/h2>\n<p>Forte de sa notori\u00e9t\u00e9 mondiale aupr\u00e8s des athl\u00e8tes renomm\u00e9s aussi bien que des sportifs de tout niveau, Compex\u00ae arrive en pharmacie et vous fait b\u00e9n\u00e9ficier de son expertise avec sa gamme d\u2019\u00e9lectro stimulateurs musculaires Compex\u00ae Fit 1.0 et Compex\u00ae CoreBelt\u00a0!<\/p>\n<h2><strong>Une gamme compl\u00e8te de 4 r\u00e9f\u00e9rences <\/strong><\/h2>\n<p>Venez d\u00e9couvrir en pharmacie une s\u00e9lection simple mais efficace pour r\u00e9pondre \u00e0 l\u2019int\u00e9gralit\u00e9 des besoins, compos\u00e9e de 3 ceintures musculaires et d\u2019un \u00e9lectro stimulateur.<\/p>\n<\/div><\/section><\/div>\n<div class=\"flex_column av_one_half  flex_column_div av-zero-column-padding first  avia-builder-el-14  el_after_av_one_full  el_before_av_one_half  column-top-margin\" style='border-radius:0px; '><section class=\"av_textblock_section\"  itemscope=\"itemscope\" itemtype=\"https:\/\/schema.org\/CreativeWork\" ><div class='avia_textblock  av_inherit_color'  style='color:#000000; '  itemprop=\"text\" ><h2><strong>Reprendre sa forme en main, la promesse Corebelt\u00a0<\/strong><\/h2>\n<p>La gamme CoreBelt Compex\u00ae est compos\u00e9e de trois ceintures de stimulation musculaire de haute qualit\u00e9, con\u00e7ues pour aider les utilisateurs \u00e0 renforcer et \u00e0 tonifier leur corps. Elles sont toutes contr\u00f4l\u00e9es par une application facile \u00e0 utiliser et offrent la possibilit\u00e9 de stimuler simultan\u00e9ment les abdominaux et le bas du dos.<\/p>\n<\/div><\/section><\/div>\n<div class=\"flex_column av_one_half  flex_column_div av-zero-column-padding   avia-builder-el-16  el_after_av_one_half  el_before_av_textblock  column-top-margin\" style='border-radius:0px; '><div  class='avia-image-container  av-styling-    avia-builder-el-17  avia-builder-el-no-sibling  avia-align-center'  itemprop=\"image\" itemscope=\"itemscope\" itemtype=\"https:\/\/schema.org\/ImageObject\"  ><div class='avia-image-container-inner'><div class='avia-image-overlay-wrap'><img decoding=\"async\" class='wp-image-0 avia-img-lazy-loading-not-0 avia_image' src=\"https:\/\/cpc-pharma.com\/wp-content\/uploads\/2024\/12\/SP01-82-0151ST-1-300x300.jpg\" alt='' title=''   itemprop=\"thumbnailUrl\"  \/><\/div><\/div><\/div><\/div>\n<section class=\"av_textblock_section\"  itemscope=\"itemscope\" itemtype=\"https:\/\/schema.org\/CreativeWork\" ><div class='avia_textblock  av_inherit_color'  style='color:#000000; '  itemprop=\"text\" ><p>Que ce soient pour des raisons esth\u00e9tiques ou de sant\u00e9, la CoreBelt 5.0 aide \u00e0 se reprendre en main gr\u00e2ce \u00e0 9 objectifs cibl\u00e9s.<\/p>\n<p>La stimulation musculaire contr\u00f4l\u00e9e par l\u2019application <strong>pour les abdominaux et les lombaires permet de tonifier et de renforcer son gainage.<\/strong><\/p>\n<\/div><\/section>\n<div class=\"flex_column av_one_full  flex_column_div av-zero-column-padding first  avia-builder-el-19  el_after_av_textblock  el_before_av_one_full  column-top-margin\" style='border-radius:0px; '><div  class='avia-video avia-video-16-9 avia-video-html5'   itemprop=\"video\" itemtype=\"https:\/\/schema.org\/VideoObject\"  data-original_url='https:\/\/cpc-pharma.com\/wp-content\/uploads\/2024\/12\/Ceinture-CoreBelt-Compex-Stimule-et-Soulage.mp4' ><video class='avia_video'    preload=\"auto\"  controls id='player_7240_14302494_2129855413'><source src=\"https:\/\/cpc-pharma.com\/wp-content\/uploads\/2024\/12\/Ceinture-CoreBelt-Compex-Stimule-et-Soulage.mp4\" type=\"video\/mp4\" \/><\/video><\/div><\/div>\n<div class=\"flex_column av_one_full  flex_column_div av-zero-column-padding first  avia-builder-el-21  el_after_av_one_full  el_before_av_one_half  column-top-margin\" style='border-radius:0px; '><section class=\"av_textblock_section\"  itemscope=\"itemscope\" itemtype=\"https:\/\/schema.org\/CreativeWork\" ><div class='avia_textblock  av_inherit_color'  style='color:#000000; '  itemprop=\"text\" ><p>Elle dispose de 2 programmes de massage pour le bas du dos, pour se <strong>relaxer apr\u00e8s une journ\u00e9e difficile<\/strong>.<\/p>\n<\/div><\/section><\/div>\n<div class=\"flex_column av_one_half  flex_column_div av-zero-column-padding first  avia-builder-el-23  el_after_av_one_full  el_before_av_one_half  column-top-margin\" style='border-radius:0px; '><div  class='avia-image-container  av-styling-    avia-builder-el-24  avia-builder-el-no-sibling  avia-align-center'  itemprop=\"image\" itemscope=\"itemscope\" itemtype=\"https:\/\/schema.org\/ImageObject\"  ><div class='avia-image-container-inner'><div class='avia-image-overlay-wrap'><img decoding=\"async\" class='wp-image-0 avia-img-lazy-loading-not-0 avia_image' src=\"https:\/\/cpc-pharma.com\/wp-content\/uploads\/2024\/12\/Image11.png\" alt='' title=''   itemprop=\"thumbnailUrl\"  \/><\/div><\/div><\/div><\/div>\n<div class=\"flex_column av_one_half  flex_column_div av-zero-column-padding   avia-builder-el-25  el_after_av_one_half  el_before_av_one_full  column-top-margin\" style='border-radius:0px; '><div  class='avia-image-container  av-styling-    avia-builder-el-26  avia-builder-el-no-sibling  avia-align-center'  itemprop=\"image\" itemscope=\"itemscope\" itemtype=\"https:\/\/schema.org\/ImageObject\"  ><div class='avia-image-container-inner'><div class='avia-image-overlay-wrap'><img decoding=\"async\" class='wp-image-0 avia-img-lazy-loading-not-0 avia_image' src=\"https:\/\/cpc-pharma.com\/wp-content\/uploads\/2024\/12\/Image222.png\" alt='' title=''   itemprop=\"thumbnailUrl\"  \/><\/div><\/div><\/div><\/div>\n<div class=\"flex_column av_one_full  flex_column_div av-zero-column-padding first  avia-builder-el-27  el_after_av_one_half  el_before_av_one_half  column-top-margin\" style='border-radius:0px; '><section class=\"av_textblock_section\"  itemscope=\"itemscope\" itemtype=\"https:\/\/schema.org\/CreativeWork\" ><div class='avia_textblock  av_inherit_color'  style='color:#000000; '  itemprop=\"text\" ><h2><strong>Sculpter, tonifier, galber tout son corps et soulager ses douleurs avec le FIT 1.0\u00a0!<\/strong><\/h2>\n<\/div><\/section><\/div>\n<div class=\"flex_column av_one_half  flex_column_div av-zero-column-padding first  avia-builder-el-29  el_after_av_one_full  el_before_av_one_half  column-top-margin\" style='border-radius:0px; '><section class=\"av_textblock_section\"  itemscope=\"itemscope\" itemtype=\"https:\/\/schema.org\/CreativeWork\" ><div class='avia_textblock  av_inherit_color'  style='color:#000000; '  itemprop=\"text\" ><p><strong>C\u2019est LE stimulateur pour vos patient(e)s adeptes du fitness et de la remise en forme<\/strong> pratiquant leur activit\u00e9 1 \u00e0 2 fois par semaine pour dessiner leur corps et se muscler.<\/p>\n<p>Dot\u00e9 de 4 canaux, le FIT 1.0 Compex\u00aeoffre 10 programmes\u00a0:<\/p>\n<ul>\n<li><em>Antidouleur TENS<\/em><\/li>\n<li><em>R\u00e9cup\u00e9ration<\/em>: massage relaxant<\/li>\n<li><em>Fitness &#8211; 8 programmes<\/em>: sculpter les abdos, raffermir leur ventre, \u2026<\/li>\n<\/ul>\n<\/div><\/section><\/div>\n<div class=\"flex_column av_one_half  flex_column_div av-zero-column-padding   avia-builder-el-31  el_after_av_one_half  el_before_av_video  column-top-margin\" style='border-radius:0px; '><div  class='avia-image-container  av-styling-    avia-builder-el-32  avia-builder-el-no-sibling  avia-align-center'  itemprop=\"image\" itemscope=\"itemscope\" itemtype=\"https:\/\/schema.org\/ImageObject\"  ><div class='avia-image-container-inner'><div class='avia-image-overlay-wrap'><img decoding=\"async\" class='wp-image-0 avia-img-lazy-loading-not-0 avia_image' src=\"https:\/\/cpc-pharma.com\/wp-content\/uploads\/2024\/12\/SP02-2533116-300x300.jpg\" alt='' title=''   itemprop=\"thumbnailUrl\"  \/><\/div><\/div><\/div><\/div>\n<div  class='avia-video avia-video-16-9 avia-video-html5'   itemprop=\"video\" itemtype=\"https:\/\/schema.org\/VideoObject\"  data-original_url='https:\/\/cpc-pharma.com\/wp-content\/uploads\/2024\/12\/Electrostimulateur-Fit-1.0-Compex.mp4' ><video class='avia_video'    preload=\"auto\"  controls id='player_7240_748016636_864173156'><source src=\"https:\/\/cpc-pharma.com\/wp-content\/uploads\/2024\/12\/Electrostimulateur-Fit-1.0-Compex.mp4\" type=\"video\/mp4\" \/><\/video><\/div>\n<div class=\"flex_column av_one_half  flex_column_div av-zero-column-padding first  avia-builder-el-34  el_after_av_video  el_before_av_one_half\" style='border-radius:0px; '><div  class='avia-image-container  av-styling-    avia-builder-el-35  avia-builder-el-no-sibling  avia-align-center'  itemprop=\"image\" itemscope=\"itemscope\" itemtype=\"https:\/\/schema.org\/ImageObject\"  ><div class='avia-image-container-inner'><div class='avia-image-overlay-wrap'><img decoding=\"async\" class='wp-image-0 avia-img-lazy-loading-not-0 avia_image' src=\"https:\/\/cpc-pharma.com\/wp-content\/uploads\/2024\/12\/Image1-216x300.png\" alt='' title=''   itemprop=\"thumbnailUrl\"  \/><\/div><\/div><\/div><\/div>\n<div class=\"flex_column av_one_half  flex_column_div av-zero-column-padding   avia-builder-el-36  el_after_av_one_half  el_before_av_one_full\" style='border-radius:0px; '><section class=\"av_textblock_section\"  itemscope=\"itemscope\" itemtype=\"https:\/\/schema.org\/CreativeWork\" ><div class='avia_textblock  av_inherit_color'  style='color:#000000; '  itemprop=\"text\" ><p>Les <strong>chaussettes de r\u00e9cup\u00e9ration<\/strong> <strong>Compex\u00ae<\/strong> sont con\u00e7ues avec la <strong>fibre Ekatom\u00ae<\/strong> qui utilise la technologie de photobiostimulation afin de maximiser la r\u00e9cup\u00e9ration et am\u00e9liorer la thermor\u00e9gulation, la vasodilatation et la circulation sanguine locale\u00a0;<\/p>\n<p>Elles soulagent la fatigue et la lourdeur des jambes, aident \u00e0 \u00e9viter l\u2019obstruction circulatoire, am\u00e9liorent le retour veineux en exer\u00e7ant une compression d\u00e9croissante depuis la cheville\u00a0;<\/p>\n<p>Favorisent la compression dans les 3 heures qui suivent la s\u00e9ance d\u2019entrainement.<\/p>\n<\/div><\/section><\/div>\n<div class=\"flex_column av_one_full  flex_column_div av-zero-column-padding first  avia-builder-el-38  el_after_av_one_half  el_before_av_one_full  column-top-margin\" style='border-radius:0px; '><div  class='avia-video avia-video-16-9 avia-video-html5'   itemprop=\"video\" itemtype=\"https:\/\/schema.org\/VideoObject\"  data-original_url='https:\/\/cpc-pharma.com\/wp-content\/uploads\/2024\/12\/Gamme-elastique-sportive-Compex-Activ-1.mp4' ><video class='avia_video'    preload=\"auto\"  controls id='player_7240_1076128993_479122952'><source src=\"https:\/\/cpc-pharma.com\/wp-content\/uploads\/2024\/12\/Gamme-elastique-sportive-Compex-Activ-1.mp4\" type=\"video\/mp4\" \/><\/video><\/div><\/div>\n<div class=\"flex_column av_one_full  flex_column_div av-zero-column-padding first  avia-builder-el-40  el_after_av_one_full  avia-builder-el-last  column-top-margin\" style='border-radius:0px; '><section class=\"av_textblock_section\"  itemscope=\"itemscope\" itemtype=\"https:\/\/schema.org\/CreativeWork\" ><div class='avia_textblock'   itemprop=\"text\" ><p><em>Dispositifs m\u00e9dicaux de classe II1 qui portent, au titre de la r\u00e8glementation, le marquage CE et \u00e9valu\u00e9 par l\u2019organisme notifi\u00e9 BSI.<\/em><\/p>\n<p><em>Lire attentivement les notices.<\/em><\/p>\n<\/div><\/section><\/div>","protected":false},"excerpt":{"rendered":"","protected":false},"author":6,"featured_media":0,"parent":0,"menu_order":0,"comment_status":"closed","ping_status":"closed","template":"","meta":{"footnotes":""},"class_list":["post-7240","page","type-page","status-publish","hentry"],"yoast_head":"<!-- This site is optimized with the Yoast SEO plugin v27.4 - https:\/\/yoast.com\/product\/yoast-seo-wordpress\/ -->\n<title>COMPEX - Kare Sant\u00e9 Groupe<\/title>\n<meta name=\"robots\" content=\"index, follow, max-snippet:-1, max-image-preview:large, max-video-preview:-1\" \/>\n<link rel=\"canonical\" href=\"https:\/\/karesantegroupe.com\/es\/compex\/\" \/>\n<meta property=\"og:locale\" content=\"es_ES\" \/>\n<meta property=\"og:type\" content=\"article\" \/>\n<meta property=\"og:title\" content=\"COMPEX - Kare Sant\u00e9 Groupe\" \/>\n<meta property=\"og:url\" content=\"https:\/\/karesantegroupe.com\/es\/compex\/\" \/>\n<meta property=\"og:site_name\" content=\"Kare Sant\u00e9 Groupe\" \/>\n<meta property=\"article:publisher\" content=\"https:\/\/www.facebook.com\/people\/Cartepharmaclub\/100083269878462\/\" \/>\n<meta property=\"article:modified_time\" content=\"2024-12-18T14:40:16+00:00\" \/>\n<meta name=\"twitter:card\" content=\"summary_large_image\" \/>\n<meta name=\"twitter:label1\" content=\"Tiempo de lectura\" \/>\n\t<meta name=\"twitter:data1\" content=\"9 minutos\" \/>\n<script type=\"application\/ld+json\" class=\"yoast-schema-graph\">{\"@context\":\"https:\\\/\\\/schema.org\",\"@graph\":[{\"@type\":\"WebPage\",\"@id\":\"https:\\\/\\\/karesantegroupe.com\\\/compex\\\/\",\"url\":\"https:\\\/\\\/karesantegroupe.com\\\/compex\\\/\",\"name\":\"COMPEX - Kare Sant\u00e9 Groupe\",\"isPartOf\":{\"@id\":\"https:\\\/\\\/karesantegroupe.com\\\/#website\"},\"datePublished\":\"2024-12-16T14:45:39+00:00\",\"dateModified\":\"2024-12-18T14:40:16+00:00\",\"breadcrumb\":{\"@id\":\"https:\\\/\\\/karesantegroupe.com\\\/compex\\\/#breadcrumb\"},\"inLanguage\":\"es\",\"potentialAction\":[{\"@type\":\"ReadAction\",\"target\":[\"https:\\\/\\\/karesantegroupe.com\\\/compex\\\/\"]}]},{\"@type\":\"BreadcrumbList\",\"@id\":\"https:\\\/\\\/karesantegroupe.com\\\/compex\\\/#breadcrumb\",\"itemListElement\":[{\"@type\":\"ListItem\",\"position\":1,\"name\":\"Accueil\",\"item\":\"https:\\\/\\\/karesantegroupe.com\\\/accueil\\\/\"},{\"@type\":\"ListItem\",\"position\":2,\"name\":\"COMPEX\"}]},{\"@type\":\"WebSite\",\"@id\":\"https:\\\/\\\/karesantegroupe.com\\\/#website\",\"url\":\"https:\\\/\\\/karesantegroupe.com\\\/\",\"name\":\"Kare Sant\u00e9 Groupe\",\"description\":\"Un site utilisant WordPress\",\"publisher\":{\"@id\":\"https:\\\/\\\/karesantegroupe.com\\\/#organization\"},\"potentialAction\":[{\"@type\":\"SearchAction\",\"target\":{\"@type\":\"EntryPoint\",\"urlTemplate\":\"https:\\\/\\\/karesantegroupe.com\\\/?s={search_term_string}\"},\"query-input\":{\"@type\":\"PropertyValueSpecification\",\"valueRequired\":true,\"valueName\":\"search_term_string\"}}],\"inLanguage\":\"es\"},{\"@type\":\"Organization\",\"@id\":\"https:\\\/\\\/karesantegroupe.com\\\/#organization\",\"name\":\"Kare Sant\u00e9 Groupe\",\"url\":\"https:\\\/\\\/karesantegroupe.com\\\/\",\"logo\":{\"@type\":\"ImageObject\",\"inLanguage\":\"es\",\"@id\":\"https:\\\/\\\/karesantegroupe.com\\\/#\\\/schema\\\/logo\\\/image\\\/\",\"url\":\"https:\\\/\\\/karesantegroupe.com\\\/wp-content\\\/uploads\\\/2025\\\/10\\\/KARE-SANTE_HORIZONTAL_COULEURS-scaled.png\",\"contentUrl\":\"https:\\\/\\\/karesantegroupe.com\\\/wp-content\\\/uploads\\\/2025\\\/10\\\/KARE-SANTE_HORIZONTAL_COULEURS-scaled.png\",\"width\":2560,\"height\":951,\"caption\":\"Kare Sant\u00e9 Groupe\"},\"image\":{\"@id\":\"https:\\\/\\\/karesantegroupe.com\\\/#\\\/schema\\\/logo\\\/image\\\/\"},\"sameAs\":[\"https:\\\/\\\/www.facebook.com\\\/people\\\/Cartepharmaclub\\\/100083269878462\\\/\",\"https:\\\/\\\/www.instagram.com\\\/kare_le_club\\\/\",\"https:\\\/\\\/www.linkedin.com\\\/company\\\/karesante\\\/\"]}]}<\/script>\n<!-- \/ Yoast SEO plugin. -->","yoast_head_json":{"title":"COMPEX - Kare Sant\u00e9 Groupe","robots":{"index":"index","follow":"follow","max-snippet":"max-snippet:-1","max-image-preview":"max-image-preview:large","max-video-preview":"max-video-preview:-1"},"canonical":"https:\/\/karesantegroupe.com\/es\/compex\/","og_locale":"es_ES","og_type":"article","og_title":"COMPEX - Kare Sant\u00e9 Groupe","og_url":"https:\/\/karesantegroupe.com\/es\/compex\/","og_site_name":"Kare Sant\u00e9 Groupe","article_publisher":"https:\/\/www.facebook.com\/people\/Cartepharmaclub\/100083269878462\/","article_modified_time":"2024-12-18T14:40:16+00:00","twitter_card":"summary_large_image","twitter_misc":{"Tiempo de lectura":"9 minutos"},"schema":{"@context":"https:\/\/schema.org","@graph":[{"@type":"WebPage","@id":"https:\/\/karesantegroupe.com\/compex\/","url":"https:\/\/karesantegroupe.com\/compex\/","name":"COMPEX - Kare Sant\u00e9 Groupe","isPartOf":{"@id":"https:\/\/karesantegroupe.com\/#website"},"datePublished":"2024-12-16T14:45:39+00:00","dateModified":"2024-12-18T14:40:16+00:00","breadcrumb":{"@id":"https:\/\/karesantegroupe.com\/compex\/#breadcrumb"},"inLanguage":"es","potentialAction":[{"@type":"ReadAction","target":["https:\/\/karesantegroupe.com\/compex\/"]}]},{"@type":"BreadcrumbList","@id":"https:\/\/karesantegroupe.com\/compex\/#breadcrumb","itemListElement":[{"@type":"ListItem","position":1,"name":"Accueil","item":"https:\/\/karesantegroupe.com\/accueil\/"},{"@type":"ListItem","position":2,"name":"COMPEX"}]},{"@type":"WebSite","@id":"https:\/\/karesantegroupe.com\/#website","url":"https:\/\/karesantegroupe.com\/","name":"Kare Sant\u00e9 Groupe","description":"Un site utilisant WordPress","publisher":{"@id":"https:\/\/karesantegroupe.com\/#organization"},"potentialAction":[{"@type":"SearchAction","target":{"@type":"EntryPoint","urlTemplate":"https:\/\/karesantegroupe.com\/?s={search_term_string}"},"query-input":{"@type":"PropertyValueSpecification","valueRequired":true,"valueName":"search_term_string"}}],"inLanguage":"es"},{"@type":"Organization","@id":"https:\/\/karesantegroupe.com\/#organization","name":"Kare Sant\u00e9 Groupe","url":"https:\/\/karesantegroupe.com\/","logo":{"@type":"ImageObject","inLanguage":"es","@id":"https:\/\/karesantegroupe.com\/#\/schema\/logo\/image\/","url":"https:\/\/karesantegroupe.com\/wp-content\/uploads\/2025\/10\/KARE-SANTE_HORIZONTAL_COULEURS-scaled.png","contentUrl":"https:\/\/karesantegroupe.com\/wp-content\/uploads\/2025\/10\/KARE-SANTE_HORIZONTAL_COULEURS-scaled.png","width":2560,"height":951,"caption":"Kare Sant\u00e9 Groupe"},"image":{"@id":"https:\/\/karesantegroupe.com\/#\/schema\/logo\/image\/"},"sameAs":["https:\/\/www.facebook.com\/people\/Cartepharmaclub\/100083269878462\/","https:\/\/www.instagram.com\/kare_le_club\/","https:\/\/www.linkedin.com\/company\/karesante\/"]}]}},"_links":{"self":[{"href":"https:\/\/karesantegroupe.com\/es\/wp-json\/wp\/v2\/pages\/7240","targetHints":{"allow":["GET"]}}],"collection":[{"href":"https:\/\/karesantegroupe.com\/es\/wp-json\/wp\/v2\/pages"}],"about":[{"href":"https:\/\/karesantegroupe.com\/es\/wp-json\/wp\/v2\/types\/page"}],"author":[{"embeddable":true,"href":"https:\/\/karesantegroupe.com\/es\/wp-json\/wp\/v2\/users\/6"}],"replies":[{"embeddable":true,"href":"https:\/\/karesantegroupe.com\/es\/wp-json\/wp\/v2\/comments?post=7240"}],"version-history":[{"count":21,"href":"https:\/\/karesantegroupe.com\/es\/wp-json\/wp\/v2\/pages\/7240\/revisions"}],"predecessor-version":[{"id":9362,"href":"https:\/\/karesantegroupe.com\/es\/wp-json\/wp\/v2\/pages\/7240\/revisions\/9362"}],"wp:attachment":[{"href":"https:\/\/karesantegroupe.com\/es\/wp-json\/wp\/v2\/media?parent=7240"}],"curies":[{"name":"wp","href":"https:\/\/api.w.org\/{rel}","templated":true}]}}