{"id":7294,"date":"2022-12-13T15:05:34","date_gmt":"2022-12-13T14:05:34","guid":{"rendered":"https:\/\/cpc-pharma.com\/?page_id=7294"},"modified":"2022-12-13T15:05:37","modified_gmt":"2022-12-13T14:05:37","slug":"orliman-des-solutions-orthopediques","status":"publish","type":"page","link":"https:\/\/karesantegroupe.com\/es\/orliman-des-solutions-orthopediques\/","title":{"rendered":"ORLIMAN, DES SOLUTIONS ORTHOP\u00c9DIQUES"},"content":{"rendered":"<div id='av_section_1'  class='avia-section main_color avia-section-default avia-no-border-styling  avia-bg-style-scroll  avia-builder-el-0  avia-builder-el-no-sibling   container_wrap sidebar_right' style=' '  ><div class='container' ><main  role=\"main\" itemprop=\"mainContentOfPage\"  class='template-page content  av-content-small alpha units'><div class='post-entry post-entry-type-page post-entry-7294'><div class='entry-content-wrapper clearfix'>\n<div class=\"flex_column av_two_third  flex_column_div av-zero-column-padding first  avia-builder-el-1  el_before_av_one_third  avia-builder-el-first\" style='border-radius:0px; '><p><div  style='padding-bottom:10px; color:#003874;' class='av-special-heading av-special-heading-h1 custom-color-heading blockquote modern-quote  avia-builder-el-2  el_before_av_textblock  avia-builder-el-first'><h1 class='av-special-heading-tag'  itemprop=\"headline\"  >ORLIMAN<\/h1><div class ='av-subheading av-subheading_below av_custom_color' style='font-size:15px;'><p>Sp\u00e9cialiste des solutions orthop\u00e9diques<\/p>\n<\/div><div class='special-heading-border'><div class='special-heading-inner-border' style='border-color:#003874'><\/div><\/div><\/div><br \/>\n<section class=\"av_textblock_section\"  itemscope=\"itemscope\" itemtype=\"https:\/\/schema.org\/CreativeWork\" ><div class='avia_textblock'   itemprop=\"text\" ><p><a href=\"https:\/\/www.orliman.fr\/\"><strong>Orliman<\/strong><\/a> propose de nombreuses <strong>solutions orthop\u00e9diques<\/strong> pour vous soutenir et vous soulager dans votre quotidien. Depuis plus de 20 ans, Orliman joue un r\u00f4le essentiel dans la reprise de la mobilit\u00e9, le soulagement de la douleur, la r\u00e9\u00e9ducation, les soins pr\u00e9ventifs et l&rsquo;am\u00e9lioration fonctionnelle en vous apportant des solutions orthop\u00e9diques adapt\u00e9es \u00e0 chaque articulation du corps.<\/p>\n<\/div><\/section><\/p><\/div><div class=\"flex_column av_one_third  flex_column_div av-zero-column-padding   avia-builder-el-4  el_after_av_two_third  el_before_av_heading\" style='border-radius:0px; '><p><div  style='height:80px' class='hr hr-invisible   avia-builder-el-5  el_before_av_image  avia-builder-el-first'><span class='hr-inner' ><span class='hr-inner-style'><\/span><\/span><\/div><br \/>\n<div  class='avia-image-container  av-styling-    avia-builder-el-6  el_after_av_hr  avia-builder-el-last  avia-align-center'  itemprop=\"image\" itemscope=\"itemscope\" itemtype=\"https:\/\/schema.org\/ImageObject\"  ><div class='avia-image-container-inner'><div class='avia-image-overlay-wrap'><img decoding=\"async\" class='wp-image-0 avia-img-lazy-loading-not-0 avia_image' src=\"https:\/\/cpc-pharma.com\/wp-content\/uploads\/2022\/12\/ORLIMAN1-300x69.png\" alt='' title=''   itemprop=\"thumbnailUrl\"  \/><\/div><\/div><\/div><\/p><\/div><div  style='padding-bottom:10px; color:#003874;' class='av-special-heading av-special-heading-h2 custom-color-heading blockquote modern-quote  avia-builder-el-7  el_after_av_one_third  el_before_av_hr'><h2 class='av-special-heading-tag'  itemprop=\"headline\"  >DES SOLUTIONS ADAPT\u00c9ES \u00c0 CHACUN<\/h2><div class='special-heading-border'><div class='special-heading-inner-border' style='border-color:#003874'><\/div><\/div><\/div>\n<div  style='height:20px' class='hr hr-invisible   avia-builder-el-8  el_after_av_heading  el_before_av_one_third'><span class='hr-inner' ><span class='hr-inner-style'><\/span><\/span><\/div>\n<div class=\"flex_column av_one_third  flex_column_div av-zero-column-padding first  avia-builder-el-9  el_after_av_hr  el_before_av_two_third\" style='border-radius:0px; '><div  class='avia-image-container  av-styling-    avia-builder-el-10  avia-builder-el-no-sibling  avia-align-center'  itemprop=\"image\" itemscope=\"itemscope\" itemtype=\"https:\/\/schema.org\/ImageObject\"  ><div class='avia-image-container-inner'><div class='avia-image-overlay-wrap'><img decoding=\"async\" class='wp-image-0 avia-img-lazy-loading-not-0 avia_image' src=\"https:\/\/cpc-pharma.com\/wp-content\/uploads\/2022\/12\/orliman-gamme-generale-300x200.jpg\" alt='' title=''   itemprop=\"thumbnailUrl\"  \/><\/div><\/div><\/div><\/div><div class=\"flex_column av_two_third  flex_column_div av-zero-column-padding   avia-builder-el-11  el_after_av_one_third  el_before_av_heading\" style='border-radius:0px; '><section class=\"av_textblock_section\"  itemscope=\"itemscope\" itemtype=\"https:\/\/schema.org\/CreativeWork\" ><div class='avia_textblock'   itemprop=\"text\" ><p>Orliman vous propose une gamme compl\u00e8te de solutions r\u00e9pondant aux <strong>pathologies communes chroniques et traumatiques<\/strong> comme l&rsquo;arthrose, les tendinites et les fractures mais aussi aux pathologies plus sp\u00e9cifiques comme le tennis elbow ou encore l&rsquo;entorse de chopart. Orliman a d\u00e9velopp\u00e9 des <strong>solutions orthop\u00e9diques<\/strong> pour soigner ou pr\u00e9venir les blessures au <a href=\"https:\/\/www.orliman.fr\/categorie-produit\/nos-produits\/minerve\/\">cou<\/a>, aux <a href=\"https:\/\/www.orliman.fr\/categorie-produit\/nos-produits\/epaule-bras\/\">\u00e9paules et aux bras<\/a>, au <a href=\"https:\/\/www.orliman.fr\/categorie-produit\/nos-produits\/ceinture-lombaire\/\">dos et aux abdominaux<\/a>, aux <a href=\"https:\/\/www.orliman.fr\/categorie-produit\/nos-produits\/genou-jambe\/\">genoux<\/a>, aux <a href=\"https:\/\/www.orliman.fr\/categorie-produit\/nos-produits\/pied\/\">pieds<\/a> ou encore \u00e0 la <a href=\"https:\/\/www.orliman.fr\/categorie-produit\/nos-produits\/cheville\/\">cheville<\/a>. Certaines pathologies peuvent n\u00e9cessiter un soutien orthop\u00e9dique sous diff\u00e9rentes formes avec des attelles d\u2019\u00e9paule, de coude, des coussins d\u2019immobilisation ou des bandages.<\/p>\n<\/div><\/section><\/div><div  style='padding-bottom:10px; color:#003874;' class='av-special-heading av-special-heading-h2 custom-color-heading blockquote modern-quote  avia-builder-el-13  el_after_av_two_third  el_before_av_hr'><h2 class='av-special-heading-tag'  itemprop=\"headline\"  >LES GAMMES ORLIMAN<\/h2><div class='special-heading-border'><div class='special-heading-inner-border' style='border-color:#003874'><\/div><\/div><\/div>\n<div  style='height:20px' class='hr hr-invisible   avia-builder-el-14  el_after_av_heading  el_before_av_one_third'><span class='hr-inner' ><span class='hr-inner-style'><\/span><\/span><\/div>\n<div class=\"flex_column av_one_third  flex_column_div av-zero-column-padding first  avia-builder-el-15  el_after_av_hr  el_before_av_one_third\" style='border-radius:0px; '><p><div  class='avia-image-container  av-styling-    avia-builder-el-16  el_before_av_heading  avia-builder-el-first  avia-align-center'  itemprop=\"image\" itemscope=\"itemscope\" itemtype=\"https:\/\/schema.org\/ImageObject\"  ><div class='avia-image-container-inner'><div class='avia-image-overlay-wrap'><img decoding=\"async\" class='wp-image-0 avia-img-lazy-loading-not-0 avia_image' src=\"https:\/\/cpc-pharma.com\/wp-content\/uploads\/2022\/12\/orliman-maternity-ninae-evolution-sit-1200-180x180.jpg\" alt='' title=''   itemprop=\"thumbnailUrl\"  \/><\/div><\/div><\/div><br \/>\n<div  style='padding-bottom:10px; color:#003874;' class='av-special-heading av-special-heading-h3 custom-color-heading blockquote modern-quote modern-centered  avia-builder-el-17  el_after_av_image  el_before_av_textblock'><h3 class='av-special-heading-tag'  itemprop=\"headline\"  >Orliman Maternity<\/h3><div class='special-heading-border'><div class='special-heading-inner-border' style='border-color:#003874'><\/div><\/div><\/div><br \/>\n<section class=\"av_textblock_section\"  itemscope=\"itemscope\" itemtype=\"https:\/\/schema.org\/CreativeWork\" ><div class='avia_textblock'   itemprop=\"text\" ><div id=\"sidebar\" class=\"col span_3 col\">\n<div class=\"n-sticky theiaStickySidebar\">\n<div class=\"inner\">\n<div id=\"prdctfltr-2\" class=\"widget prdctfltr-widget\">\n<div class=\"prdctfltr_wc prdctfltr_woocommerce woocommerce prdctfltr_wc_widget pf_default prdctfltr_always_visible prdctfltr_click_filter prdctfltr_system prdctfltr_search_fields prdctfltr_hierarchy_lined prdctfltr_tabbed_selection pf_mod_multirow prdctfltr_scroll_default\" data-loader=\"css-spinner-full\" data-mobile=\"1000\" data-id=\"prdctfltr-63984ab3c98a0\">\n<form class=\"prdctfltr_woocommerce_ordering\" action=\"https:\/\/www.orliman.fr\/?page_id=30\" method=\"get\">\n<div class=\"prdctfltr_filter_wrapper prdctfltr_columns_1 prdctfltr_single_filter\" data-columns=\"1\">\n<div class=\"prdctfltr_filter_inner\">\n<div class=\"prdctfltr_filter prdctfltr_pa_partie-du-corps prdctfltr_attributes prdctfltr_single pf_adptv_default prdctfltr_adoptive prdctfltr_text\" data-filter=\"pa_partie-du-corps\">\n<div class=\"prdctfltr_add_scroll\">\n<div class=\"prdctfltr_checkboxes\">Le corps des futures et jeunes mamans est expos\u00e9 \u00e0 de grands changements en l\u2019espace de peu de temps. <strong>Orliman Maternity <\/strong>offre une gamme enti\u00e8re de <a href=\"https:\/\/www.orliman.fr\/categorie-produit\/nos-produits\/femmes-enceintes-mamans\/\"><strong>solutions d&rsquo;accompagnement<\/strong><\/a> pour les femmes enceintes et les jeunes mamans durant toute la dur\u00e9e de la grossesse ainsi qu&rsquo;apr\u00e8s l&rsquo;accouchement.<\/div>\n<\/div>\n<\/div>\n<\/div>\n<\/div>\n<\/form>\n<\/div>\n<\/div>\n<\/div>\n<\/div>\n<\/div>\n<\/div><\/section><\/p><\/div><div class=\"flex_column av_one_third  flex_column_div av-zero-column-padding   avia-builder-el-19  el_after_av_one_third  el_before_av_one_third\" style='border-radius:0px; '><p><div  class='avia-image-container  av-styling-    avia-builder-el-20  el_before_av_heading  avia-builder-el-first  avia-align-center'  itemprop=\"image\" itemscope=\"itemscope\" itemtype=\"https:\/\/schema.org\/ImageObject\"  ><div class='avia-image-container-inner'><div class='avia-image-overlay-wrap'><img decoding=\"async\" class='wp-image-0 avia-img-lazy-loading-not-0 avia_image' src=\"https:\/\/cpc-pharma.com\/wp-content\/uploads\/2022\/12\/ORLIMAN-KID-180x180.png\" alt='' title=''   itemprop=\"thumbnailUrl\"  \/><\/div><\/div><\/div><br \/>\n<div  style='padding-bottom:10px; color:#003874;' class='av-special-heading av-special-heading-h3 custom-color-heading blockquote modern-quote modern-centered  avia-builder-el-21  el_after_av_image  el_before_av_textblock'><h3 class='av-special-heading-tag'  itemprop=\"headline\"  >Orliman Kids<\/h3><div class='special-heading-border'><div class='special-heading-inner-border' style='border-color:#003874'><\/div><\/div><\/div><br \/>\n<section class=\"av_textblock_section\"  itemscope=\"itemscope\" itemtype=\"https:\/\/schema.org\/CreativeWork\" ><div class='avia_textblock'   itemprop=\"text\" ><p>Orliman a d\u00e9velopp\u00e9 <a href=\"https:\/\/www.orliman.fr\/categorie-produit\/nos-produits\/enfants\/\"><strong>Orliman Kids<\/strong><\/a>, une gamme sp\u00e9cifique de produits orthop\u00e9diques adapt\u00e9s aux morphologies de l\u2019enfant, de 4 \u00e0 14 ans, parce qu&rsquo;ils m\u00e9ritent \u00e9galement un soin particulier pour \u00e9viter les r\u00e9cidives, soulager leurs douleurs et pouvoir reprendre le fil de leurs aventures.<\/p>\n<\/div><\/section><\/p><\/div><div class=\"flex_column av_one_third  flex_column_div av-zero-column-padding   avia-builder-el-23  el_after_av_one_third  el_before_av_one_half\" style='border-radius:0px; '><p><div  class='avia-image-container  av-styling-    avia-builder-el-24  el_before_av_heading  avia-builder-el-first  avia-align-center'  itemprop=\"image\" itemscope=\"itemscope\" itemtype=\"https:\/\/schema.org\/ImageObject\"  ><div class='avia-image-container-inner'><div class='avia-image-overlay-wrap'><img decoding=\"async\" class='wp-image-0 avia-img-lazy-loading-not-0 avia_image' src=\"https:\/\/cpc-pharma.com\/wp-content\/uploads\/2022\/12\/ORLIMAN-ONE-PLUS-180x180.png\" alt='' title=''   itemprop=\"thumbnailUrl\"  \/><\/div><\/div><\/div><br \/>\n<div  style='padding-bottom:10px; color:#003874;' class='av-special-heading av-special-heading-h3 custom-color-heading blockquote modern-quote modern-centered  avia-builder-el-25  el_after_av_image  el_before_av_textblock'><h3 class='av-special-heading-tag'  itemprop=\"headline\"  >Orliman OnePlus<\/h3><div class='special-heading-border'><div class='special-heading-inner-border' style='border-color:#003874'><\/div><\/div><\/div><br \/>\n<section class=\"av_textblock_section\"  itemscope=\"itemscope\" itemtype=\"https:\/\/schema.org\/CreativeWork\" ><div class='avia_textblock'   itemprop=\"text\" ><p style=\"text-align: left;\"><a href=\"https:\/\/www.orliman.fr\/categorie-produit\/nos-produits\/attelles-grandes-tailles\/\"><strong>Orliman One Plus<\/strong><\/a> propose des solutions orthop\u00e9diques sp\u00e9cialement pens\u00e9es et adapt\u00e9es \u00e0 la morphologie des personnes en surpoids. Des attelles qui s\u2019adaptent \u00e0 votre morphologie dans le plus grand confort, gr\u00e2ce \u00e0 des d\u00e9coupes ergonomiques et \u00e0 une conception \u00ab effet sans couture \u00bb.<\/p>\n<\/div><\/section><\/p><\/div><div class=\"flex_column av_one_half  flex_column_div av-zero-column-padding first  avia-builder-el-27  el_after_av_one_third  el_before_av_one_half  column-top-margin\" style='border-radius:0px; '><p><div  class='avia-image-container  av-styling-    avia-builder-el-28  el_before_av_heading  avia-builder-el-first  avia-align-center'  itemprop=\"image\" itemscope=\"itemscope\" itemtype=\"https:\/\/schema.org\/ImageObject\"  ><div class='avia-image-container-inner'><div class='avia-image-overlay-wrap'><img decoding=\"async\" class='wp-image-0 avia-img-lazy-loading-not-0 avia_image' src=\"https:\/\/cpc-pharma.com\/wp-content\/uploads\/2022\/12\/ORLIMAN-FEET-PAD-180x180.png\" alt='' title=''   itemprop=\"thumbnailUrl\"  \/><\/div><\/div><\/div><br \/>\n<div  style='padding-bottom:10px; color:#003874;' class='av-special-heading av-special-heading-h3 custom-color-heading blockquote modern-quote modern-centered  avia-builder-el-29  el_after_av_image  el_before_av_textblock'><h3 class='av-special-heading-tag'  itemprop=\"headline\"  >Orliman FeetPAD<\/h3><div class='special-heading-border'><div class='special-heading-inner-border' style='border-color:#003874'><\/div><\/div><\/div><br \/>\n<section class=\"av_textblock_section\"  itemscope=\"itemscope\" itemtype=\"https:\/\/schema.org\/CreativeWork\" ><div class='avia_textblock'   itemprop=\"text\" ><p>Orliman a d\u00e9velopp\u00e9 la gamme <a href=\"https:\/\/www.orliman.fr\/categorie-produit\/nos-produits\/chaussures-therapeutiques\/\"><strong>FeetPad<\/strong><\/a>, une gamme de produits d\u00e9di\u00e9s au <strong>soin et au confort des pieds sensibles<\/strong>. Les chaussures th\u00e9rapeutiques sont destin\u00e9es \u00e0 des personnes dont les diff\u00e9rences anatomiques constat\u00e9es au niveau du pied demandent un maintien, un chaussant particulier ou une correction.<\/p>\n<\/div><\/section><\/p><\/div><div class=\"flex_column av_one_half  flex_column_div av-zero-column-padding   avia-builder-el-31  el_after_av_one_half  el_before_av_hr  column-top-margin\" style='border-radius:0px; '><p><div  class='avia-image-container  av-styling-    avia-builder-el-32  el_before_av_heading  avia-builder-el-first  avia-align-center'  itemprop=\"image\" itemscope=\"itemscope\" itemtype=\"https:\/\/schema.org\/ImageObject\"  ><div class='avia-image-container-inner'><div class='avia-image-overlay-wrap'><img decoding=\"async\" class='wp-image-0 avia-img-lazy-loading-not-0 avia_image' src=\"https:\/\/cpc-pharma.com\/wp-content\/uploads\/2022\/12\/ORLIMAN-SPORT-180x180.png\" alt='' title=''   itemprop=\"thumbnailUrl\"  \/><\/div><\/div><\/div><br \/>\n<div  style='padding-bottom:10px; color:#003874;' class='av-special-heading av-special-heading-h3 custom-color-heading blockquote modern-quote modern-centered  avia-builder-el-33  el_after_av_image  el_before_av_textblock'><h3 class='av-special-heading-tag'  itemprop=\"headline\"  >Orliman Sport<\/h3><div class='special-heading-border'><div class='special-heading-inner-border' style='border-color:#003874'><\/div><\/div><\/div><br \/>\n<section class=\"av_textblock_section\"  itemscope=\"itemscope\" itemtype=\"https:\/\/schema.org\/CreativeWork\" ><div class='avia_textblock'   itemprop=\"text\" ><p>Du traumatisme articulaire aux pathologies chroniques, Orliman propose une gamme compl\u00e8te de <strong><a href=\"https:\/\/www.orliman.fr\/categorie-produit\/nos-produits\/attelle-pour-sportifs\/\">produits orthop\u00e9diques adapt\u00e9s \u00e0 la pratique sportive<\/a><\/strong> pour prot\u00e9ger, soulager, accompagner la reprise et pour vous permettre de pratiquer votre activit\u00e9 en tout s\u00e9r\u00e9nit\u00e9.<\/p>\n<\/div><\/section><\/p><\/div><div  style='height:50px' class='hr hr-invisible   avia-builder-el-35  el_after_av_one_half  el_before_av_video'><span class='hr-inner' ><span class='hr-inner-style'><\/span><\/span><\/div>\n<div  class='avia-video avia-video-16-9 avia-video-html5'   itemprop=\"video\" itemtype=\"https:\/\/schema.org\/VideoObject\"  data-original_url='https:\/\/cpc-pharma.com\/wp-content\/uploads\/2022\/12\/Orliman-video-rotuling-13s-horizontale-.mp4' ><video class='avia_video'    preload=\"auto\"  controls id='player_7294_990785322_1244141758'><source src=\"https:\/\/cpc-pharma.com\/wp-content\/uploads\/2022\/12\/Orliman-video-rotuling-13s-horizontale-.mp4\" type=\"video\/mp4\" \/><\/video><\/div>\n<\/div><\/div><\/main><!-- close content main element --><\/div><\/div><div id='after_section_1'  class='main_color av_default_container_wrap container_wrap sidebar_right' style=' '  ><div class='container' ><div class='template-page content  av-content-small alpha units'><div class='post-entry post-entry-type-page post-entry-7294'><div class='entry-content-wrapper clearfix'>","protected":false},"excerpt":{"rendered":"","protected":false},"author":6,"featured_media":0,"parent":0,"menu_order":0,"comment_status":"closed","ping_status":"closed","template":"","meta":{"footnotes":""},"class_list":["post-7294","page","type-page","status-publish","hentry"],"yoast_head":"<!-- This site is optimized with the Yoast SEO plugin v27.4 - https:\/\/yoast.com\/product\/yoast-seo-wordpress\/ -->\n<title>ORLIMAN, DES SOLUTIONS ORTHOP\u00c9DIQUES - Kare Sant\u00e9 Groupe<\/title>\n<meta name=\"robots\" content=\"index, follow, max-snippet:-1, max-image-preview:large, max-video-preview:-1\" \/>\n<link rel=\"canonical\" href=\"https:\/\/karesantegroupe.com\/es\/orliman-des-solutions-orthopediques\/\" \/>\n<meta property=\"og:locale\" content=\"es_ES\" \/>\n<meta property=\"og:type\" content=\"article\" \/>\n<meta property=\"og:title\" content=\"ORLIMAN, DES SOLUTIONS ORTHOP\u00c9DIQUES - Kare Sant\u00e9 Groupe\" \/>\n<meta property=\"og:url\" content=\"https:\/\/karesantegroupe.com\/es\/orliman-des-solutions-orthopediques\/\" \/>\n<meta property=\"og:site_name\" content=\"Kare Sant\u00e9 Groupe\" \/>\n<meta property=\"article:publisher\" content=\"https:\/\/www.facebook.com\/people\/Cartepharmaclub\/100083269878462\/\" \/>\n<meta property=\"article:modified_time\" content=\"2022-12-13T14:05:37+00:00\" \/>\n<meta name=\"twitter:card\" content=\"summary_large_image\" \/>\n<meta name=\"twitter:label1\" content=\"Tiempo de lectura\" \/>\n\t<meta name=\"twitter:data1\" content=\"7 minutos\" \/>\n<script type=\"application\/ld+json\" class=\"yoast-schema-graph\">{\"@context\":\"https:\\\/\\\/schema.org\",\"@graph\":[{\"@type\":\"WebPage\",\"@id\":\"https:\\\/\\\/karesantegroupe.com\\\/orliman-des-solutions-orthopediques\\\/\",\"url\":\"https:\\\/\\\/karesantegroupe.com\\\/orliman-des-solutions-orthopediques\\\/\",\"name\":\"ORLIMAN, DES SOLUTIONS ORTHOP\u00c9DIQUES - Kare Sant\u00e9 Groupe\",\"isPartOf\":{\"@id\":\"https:\\\/\\\/karesantegroupe.com\\\/#website\"},\"datePublished\":\"2022-12-13T14:05:34+00:00\",\"dateModified\":\"2022-12-13T14:05:37+00:00\",\"breadcrumb\":{\"@id\":\"https:\\\/\\\/karesantegroupe.com\\\/orliman-des-solutions-orthopediques\\\/#breadcrumb\"},\"inLanguage\":\"es\",\"potentialAction\":[{\"@type\":\"ReadAction\",\"target\":[\"https:\\\/\\\/karesantegroupe.com\\\/orliman-des-solutions-orthopediques\\\/\"]}]},{\"@type\":\"BreadcrumbList\",\"@id\":\"https:\\\/\\\/karesantegroupe.com\\\/orliman-des-solutions-orthopediques\\\/#breadcrumb\",\"itemListElement\":[{\"@type\":\"ListItem\",\"position\":1,\"name\":\"Accueil\",\"item\":\"https:\\\/\\\/karesantegroupe.com\\\/accueil\\\/\"},{\"@type\":\"ListItem\",\"position\":2,\"name\":\"ORLIMAN, DES SOLUTIONS ORTHOP\u00c9DIQUES\"}]},{\"@type\":\"WebSite\",\"@id\":\"https:\\\/\\\/karesantegroupe.com\\\/#website\",\"url\":\"https:\\\/\\\/karesantegroupe.com\\\/\",\"name\":\"Kare Sant\u00e9 Groupe\",\"description\":\"Un site utilisant WordPress\",\"publisher\":{\"@id\":\"https:\\\/\\\/karesantegroupe.com\\\/#organization\"},\"potentialAction\":[{\"@type\":\"SearchAction\",\"target\":{\"@type\":\"EntryPoint\",\"urlTemplate\":\"https:\\\/\\\/karesantegroupe.com\\\/?s={search_term_string}\"},\"query-input\":{\"@type\":\"PropertyValueSpecification\",\"valueRequired\":true,\"valueName\":\"search_term_string\"}}],\"inLanguage\":\"es\"},{\"@type\":\"Organization\",\"@id\":\"https:\\\/\\\/karesantegroupe.com\\\/#organization\",\"name\":\"Kare Sant\u00e9 Groupe\",\"url\":\"https:\\\/\\\/karesantegroupe.com\\\/\",\"logo\":{\"@type\":\"ImageObject\",\"inLanguage\":\"es\",\"@id\":\"https:\\\/\\\/karesantegroupe.com\\\/#\\\/schema\\\/logo\\\/image\\\/\",\"url\":\"https:\\\/\\\/karesantegroupe.com\\\/wp-content\\\/uploads\\\/2025\\\/10\\\/KARE-SANTE_HORIZONTAL_COULEURS-scaled.png\",\"contentUrl\":\"https:\\\/\\\/karesantegroupe.com\\\/wp-content\\\/uploads\\\/2025\\\/10\\\/KARE-SANTE_HORIZONTAL_COULEURS-scaled.png\",\"width\":2560,\"height\":951,\"caption\":\"Kare Sant\u00e9 Groupe\"},\"image\":{\"@id\":\"https:\\\/\\\/karesantegroupe.com\\\/#\\\/schema\\\/logo\\\/image\\\/\"},\"sameAs\":[\"https:\\\/\\\/www.facebook.com\\\/people\\\/Cartepharmaclub\\\/100083269878462\\\/\",\"https:\\\/\\\/www.instagram.com\\\/kare_le_club\\\/\",\"https:\\\/\\\/www.linkedin.com\\\/company\\\/karesante\\\/\"]}]}<\/script>\n<!-- \/ Yoast SEO plugin. -->","yoast_head_json":{"title":"ORLIMAN, DES SOLUTIONS ORTHOP\u00c9DIQUES - Kare Sant\u00e9 Groupe","robots":{"index":"index","follow":"follow","max-snippet":"max-snippet:-1","max-image-preview":"max-image-preview:large","max-video-preview":"max-video-preview:-1"},"canonical":"https:\/\/karesantegroupe.com\/es\/orliman-des-solutions-orthopediques\/","og_locale":"es_ES","og_type":"article","og_title":"ORLIMAN, DES SOLUTIONS ORTHOP\u00c9DIQUES - Kare Sant\u00e9 Groupe","og_url":"https:\/\/karesantegroupe.com\/es\/orliman-des-solutions-orthopediques\/","og_site_name":"Kare Sant\u00e9 Groupe","article_publisher":"https:\/\/www.facebook.com\/people\/Cartepharmaclub\/100083269878462\/","article_modified_time":"2022-12-13T14:05:37+00:00","twitter_card":"summary_large_image","twitter_misc":{"Tiempo de lectura":"7 minutos"},"schema":{"@context":"https:\/\/schema.org","@graph":[{"@type":"WebPage","@id":"https:\/\/karesantegroupe.com\/orliman-des-solutions-orthopediques\/","url":"https:\/\/karesantegroupe.com\/orliman-des-solutions-orthopediques\/","name":"ORLIMAN, DES SOLUTIONS ORTHOP\u00c9DIQUES - Kare Sant\u00e9 Groupe","isPartOf":{"@id":"https:\/\/karesantegroupe.com\/#website"},"datePublished":"2022-12-13T14:05:34+00:00","dateModified":"2022-12-13T14:05:37+00:00","breadcrumb":{"@id":"https:\/\/karesantegroupe.com\/orliman-des-solutions-orthopediques\/#breadcrumb"},"inLanguage":"es","potentialAction":[{"@type":"ReadAction","target":["https:\/\/karesantegroupe.com\/orliman-des-solutions-orthopediques\/"]}]},{"@type":"BreadcrumbList","@id":"https:\/\/karesantegroupe.com\/orliman-des-solutions-orthopediques\/#breadcrumb","itemListElement":[{"@type":"ListItem","position":1,"name":"Accueil","item":"https:\/\/karesantegroupe.com\/accueil\/"},{"@type":"ListItem","position":2,"name":"ORLIMAN, DES SOLUTIONS ORTHOP\u00c9DIQUES"}]},{"@type":"WebSite","@id":"https:\/\/karesantegroupe.com\/#website","url":"https:\/\/karesantegroupe.com\/","name":"Kare Sant\u00e9 Groupe","description":"Un site utilisant WordPress","publisher":{"@id":"https:\/\/karesantegroupe.com\/#organization"},"potentialAction":[{"@type":"SearchAction","target":{"@type":"EntryPoint","urlTemplate":"https:\/\/karesantegroupe.com\/?s={search_term_string}"},"query-input":{"@type":"PropertyValueSpecification","valueRequired":true,"valueName":"search_term_string"}}],"inLanguage":"es"},{"@type":"Organization","@id":"https:\/\/karesantegroupe.com\/#organization","name":"Kare Sant\u00e9 Groupe","url":"https:\/\/karesantegroupe.com\/","logo":{"@type":"ImageObject","inLanguage":"es","@id":"https:\/\/karesantegroupe.com\/#\/schema\/logo\/image\/","url":"https:\/\/karesantegroupe.com\/wp-content\/uploads\/2025\/10\/KARE-SANTE_HORIZONTAL_COULEURS-scaled.png","contentUrl":"https:\/\/karesantegroupe.com\/wp-content\/uploads\/2025\/10\/KARE-SANTE_HORIZONTAL_COULEURS-scaled.png","width":2560,"height":951,"caption":"Kare Sant\u00e9 Groupe"},"image":{"@id":"https:\/\/karesantegroupe.com\/#\/schema\/logo\/image\/"},"sameAs":["https:\/\/www.facebook.com\/people\/Cartepharmaclub\/100083269878462\/","https:\/\/www.instagram.com\/kare_le_club\/","https:\/\/www.linkedin.com\/company\/karesante\/"]}]}},"_links":{"self":[{"href":"https:\/\/karesantegroupe.com\/es\/wp-json\/wp\/v2\/pages\/7294","targetHints":{"allow":["GET"]}}],"collection":[{"href":"https:\/\/karesantegroupe.com\/es\/wp-json\/wp\/v2\/pages"}],"about":[{"href":"https:\/\/karesantegroupe.com\/es\/wp-json\/wp\/v2\/types\/page"}],"author":[{"embeddable":true,"href":"https:\/\/karesantegroupe.com\/es\/wp-json\/wp\/v2\/users\/6"}],"replies":[{"embeddable":true,"href":"https:\/\/karesantegroupe.com\/es\/wp-json\/wp\/v2\/comments?post=7294"}],"version-history":[{"count":52,"href":"https:\/\/karesantegroupe.com\/es\/wp-json\/wp\/v2\/pages\/7294\/revisions"}],"predecessor-version":[{"id":7361,"href":"https:\/\/karesantegroupe.com\/es\/wp-json\/wp\/v2\/pages\/7294\/revisions\/7361"}],"wp:attachment":[{"href":"https:\/\/karesantegroupe.com\/es\/wp-json\/wp\/v2\/media?parent=7294"}],"curies":[{"name":"wp","href":"https:\/\/api.w.org\/{rel}","templated":true}]}}