{"id":8133,"date":"2023-04-28T12:51:40","date_gmt":"2023-04-28T10:51:40","guid":{"rendered":"https:\/\/cpc-pharma.com\/?page_id=8133"},"modified":"2025-03-27T18:14:20","modified_gmt":"2025-03-27T17:14:20","slug":"pharma-club-le-mag","status":"publish","type":"page","link":"https:\/\/karesantegroupe.com\/es\/pharma-club-le-mag\/","title":{"rendered":"PHARMA CLUB LE MAG&rsquo;"},"content":{"rendered":"<div class=\"flex_column av_one_full  flex_column_div av-zero-column-padding first  avia-builder-el-0  avia-builder-el-no-sibling\" style='border-radius:0px; '><p><div  style='padding-bottom:10px; color:#000000;' class='av-special-heading av-special-heading-h1 custom-color-heading blockquote modern-quote modern-centered  avia-builder-el-1  el_before_av_hr  avia-builder-el-first'><h1 class='av-special-heading-tag'  itemprop=\"headline\"  >PHARMA CLUB LE MAG\u2019<\/h1><div class='special-heading-border'><div class='special-heading-inner-border' style='border-color:#000000'><\/div><\/div><\/div><br \/>\n<div  style='height:30px' class='hr hr-invisible   avia-builder-el-2  el_after_av_heading  el_before_av_codeblock'><span class='hr-inner' ><span class='hr-inner-style'><\/span><\/span><\/div><br \/>\n<br \/>\n<div  style='padding-bottom:10px; ' class='av-special-heading av-special-heading-h2  blockquote modern-quote  avia-builder-el-4  el_after_av_codeblock  el_before_av_textblock'><h2 class='av-special-heading-tag'  itemprop=\"headline\"  >D\u00e9couvrez le magazine du mois !<\/h2><div class='special-heading-border'><div class='special-heading-inner-border' ><\/div><\/div><\/div><br \/>\n<section class=\"av_textblock_section\"  itemscope=\"itemscope\" itemtype=\"https:\/\/schema.org\/CreativeWork\" ><div class='avia_textblock'   itemprop=\"text\" ><p>Pour pr\u00e9parer l&rsquo;\u00e9t\u00e9, retrouvez les conseils et astuces de nos pharmaciens et pharmaciennes ainsi que nos promotions dans PharmaClub Le Mag !<\/p>\n<p><strong>Au sommaire :<\/strong><\/p>\n<ul>\n<li>La r\u00e9volution d&rsquo;une belle peau<\/li>\n<li>Les secrets pour des cheveux plus forts<\/li>\n<li>Le pouvoir du sourire<\/li>\n<li>Les cl\u00e9s d&rsquo;un corps sans douleur<\/li>\n<\/ul>\n<p>Et bien d&rsquo;autres encore&#8230; !<\/p>\n<\/div><\/section><\/p><\/div>","protected":false},"excerpt":{"rendered":"","protected":false},"author":6,"featured_media":0,"parent":0,"menu_order":0,"comment_status":"closed","ping_status":"closed","template":"","meta":{"footnotes":""},"class_list":["post-8133","page","type-page","status-publish","hentry"],"yoast_head":"<!-- This site is optimized with the Yoast SEO plugin v27.4 - https:\/\/yoast.com\/product\/yoast-seo-wordpress\/ -->\n<title>PHARMA CLUB LE MAG&#039; - Kare Sant\u00e9 Groupe<\/title>\n<meta name=\"description\" content=\"D\u00e9couvrez le magazine Pharma Club du mois comprenant les conseils et astuces de nos pharmaciens, les promotions du mois...\" \/>\n<meta name=\"robots\" content=\"index, follow, max-snippet:-1, max-image-preview:large, max-video-preview:-1\" \/>\n<link rel=\"canonical\" href=\"https:\/\/karesantegroupe.com\/es\/pharma-club-le-mag\/\" \/>\n<meta property=\"og:locale\" content=\"es_ES\" \/>\n<meta property=\"og:type\" content=\"article\" \/>\n<meta property=\"og:title\" content=\"PHARMA CLUB LE MAG&#039; - Kare Sant\u00e9 Groupe\" \/>\n<meta property=\"og:description\" content=\"D\u00e9couvrez le magazine Pharma Club du mois comprenant les conseils et astuces de nos pharmaciens, les promotions du mois...\" \/>\n<meta property=\"og:url\" content=\"https:\/\/karesantegroupe.com\/es\/pharma-club-le-mag\/\" \/>\n<meta property=\"og:site_name\" content=\"Kare Sant\u00e9 Groupe\" \/>\n<meta property=\"article:publisher\" content=\"https:\/\/www.facebook.com\/people\/Cartepharmaclub\/100083269878462\/\" \/>\n<meta property=\"article:modified_time\" content=\"2025-03-27T17:14:20+00:00\" \/>\n<meta name=\"twitter:card\" content=\"summary_large_image\" \/>\n<meta name=\"twitter:label1\" content=\"Tiempo de lectura\" \/>\n\t<meta name=\"twitter:data1\" content=\"2 minutos\" \/>\n<script type=\"application\/ld+json\" class=\"yoast-schema-graph\">{\"@context\":\"https:\\\/\\\/schema.org\",\"@graph\":[{\"@type\":\"WebPage\",\"@id\":\"https:\\\/\\\/karesantegroupe.com\\\/pharma-club-le-mag\\\/\",\"url\":\"https:\\\/\\\/karesantegroupe.com\\\/pharma-club-le-mag\\\/\",\"name\":\"PHARMA CLUB LE MAG' - Kare Sant\u00e9 Groupe\",\"isPartOf\":{\"@id\":\"https:\\\/\\\/karesantegroupe.com\\\/#website\"},\"datePublished\":\"2023-04-28T10:51:40+00:00\",\"dateModified\":\"2025-03-27T17:14:20+00:00\",\"description\":\"D\u00e9couvrez le magazine Pharma Club du mois comprenant les conseils et astuces de nos pharmaciens, les promotions du mois...\",\"breadcrumb\":{\"@id\":\"https:\\\/\\\/karesantegroupe.com\\\/pharma-club-le-mag\\\/#breadcrumb\"},\"inLanguage\":\"es\",\"potentialAction\":[{\"@type\":\"ReadAction\",\"target\":[\"https:\\\/\\\/karesantegroupe.com\\\/pharma-club-le-mag\\\/\"]}]},{\"@type\":\"BreadcrumbList\",\"@id\":\"https:\\\/\\\/karesantegroupe.com\\\/pharma-club-le-mag\\\/#breadcrumb\",\"itemListElement\":[{\"@type\":\"ListItem\",\"position\":1,\"name\":\"Accueil\",\"item\":\"https:\\\/\\\/karesantegroupe.com\\\/accueil\\\/\"},{\"@type\":\"ListItem\",\"position\":2,\"name\":\"PHARMA CLUB LE MAG&rsquo;\"}]},{\"@type\":\"WebSite\",\"@id\":\"https:\\\/\\\/karesantegroupe.com\\\/#website\",\"url\":\"https:\\\/\\\/karesantegroupe.com\\\/\",\"name\":\"Kare Sant\u00e9 Groupe\",\"description\":\"Un site utilisant WordPress\",\"publisher\":{\"@id\":\"https:\\\/\\\/karesantegroupe.com\\\/#organization\"},\"potentialAction\":[{\"@type\":\"SearchAction\",\"target\":{\"@type\":\"EntryPoint\",\"urlTemplate\":\"https:\\\/\\\/karesantegroupe.com\\\/?s={search_term_string}\"},\"query-input\":{\"@type\":\"PropertyValueSpecification\",\"valueRequired\":true,\"valueName\":\"search_term_string\"}}],\"inLanguage\":\"es\"},{\"@type\":\"Organization\",\"@id\":\"https:\\\/\\\/karesantegroupe.com\\\/#organization\",\"name\":\"Kare Sant\u00e9 Groupe\",\"url\":\"https:\\\/\\\/karesantegroupe.com\\\/\",\"logo\":{\"@type\":\"ImageObject\",\"inLanguage\":\"es\",\"@id\":\"https:\\\/\\\/karesantegroupe.com\\\/#\\\/schema\\\/logo\\\/image\\\/\",\"url\":\"https:\\\/\\\/karesantegroupe.com\\\/wp-content\\\/uploads\\\/2025\\\/10\\\/KARE-SANTE_HORIZONTAL_COULEURS-scaled.png\",\"contentUrl\":\"https:\\\/\\\/karesantegroupe.com\\\/wp-content\\\/uploads\\\/2025\\\/10\\\/KARE-SANTE_HORIZONTAL_COULEURS-scaled.png\",\"width\":2560,\"height\":951,\"caption\":\"Kare Sant\u00e9 Groupe\"},\"image\":{\"@id\":\"https:\\\/\\\/karesantegroupe.com\\\/#\\\/schema\\\/logo\\\/image\\\/\"},\"sameAs\":[\"https:\\\/\\\/www.facebook.com\\\/people\\\/Cartepharmaclub\\\/100083269878462\\\/\",\"https:\\\/\\\/www.instagram.com\\\/kare_le_club\\\/\",\"https:\\\/\\\/www.linkedin.com\\\/company\\\/karesante\\\/\"]}]}<\/script>\n<!-- \/ Yoast SEO plugin. -->","yoast_head_json":{"title":"PHARMA CLUB LE MAG' - Kare Sant\u00e9 Groupe","description":"D\u00e9couvrez le magazine Pharma Club du mois comprenant les conseils et astuces de nos pharmaciens, les promotions du mois...","robots":{"index":"index","follow":"follow","max-snippet":"max-snippet:-1","max-image-preview":"max-image-preview:large","max-video-preview":"max-video-preview:-1"},"canonical":"https:\/\/karesantegroupe.com\/es\/pharma-club-le-mag\/","og_locale":"es_ES","og_type":"article","og_title":"PHARMA CLUB LE MAG' - Kare Sant\u00e9 Groupe","og_description":"D\u00e9couvrez le magazine Pharma Club du mois comprenant les conseils et astuces de nos pharmaciens, les promotions du mois...","og_url":"https:\/\/karesantegroupe.com\/es\/pharma-club-le-mag\/","og_site_name":"Kare Sant\u00e9 Groupe","article_publisher":"https:\/\/www.facebook.com\/people\/Cartepharmaclub\/100083269878462\/","article_modified_time":"2025-03-27T17:14:20+00:00","twitter_card":"summary_large_image","twitter_misc":{"Tiempo de lectura":"2 minutos"},"schema":{"@context":"https:\/\/schema.org","@graph":[{"@type":"WebPage","@id":"https:\/\/karesantegroupe.com\/pharma-club-le-mag\/","url":"https:\/\/karesantegroupe.com\/pharma-club-le-mag\/","name":"PHARMA CLUB LE MAG' - Kare Sant\u00e9 Groupe","isPartOf":{"@id":"https:\/\/karesantegroupe.com\/#website"},"datePublished":"2023-04-28T10:51:40+00:00","dateModified":"2025-03-27T17:14:20+00:00","description":"D\u00e9couvrez le magazine Pharma Club du mois comprenant les conseils et astuces de nos pharmaciens, les promotions du mois...","breadcrumb":{"@id":"https:\/\/karesantegroupe.com\/pharma-club-le-mag\/#breadcrumb"},"inLanguage":"es","potentialAction":[{"@type":"ReadAction","target":["https:\/\/karesantegroupe.com\/pharma-club-le-mag\/"]}]},{"@type":"BreadcrumbList","@id":"https:\/\/karesantegroupe.com\/pharma-club-le-mag\/#breadcrumb","itemListElement":[{"@type":"ListItem","position":1,"name":"Accueil","item":"https:\/\/karesantegroupe.com\/accueil\/"},{"@type":"ListItem","position":2,"name":"PHARMA CLUB LE MAG&rsquo;"}]},{"@type":"WebSite","@id":"https:\/\/karesantegroupe.com\/#website","url":"https:\/\/karesantegroupe.com\/","name":"Kare Sant\u00e9 Groupe","description":"Un site utilisant WordPress","publisher":{"@id":"https:\/\/karesantegroupe.com\/#organization"},"potentialAction":[{"@type":"SearchAction","target":{"@type":"EntryPoint","urlTemplate":"https:\/\/karesantegroupe.com\/?s={search_term_string}"},"query-input":{"@type":"PropertyValueSpecification","valueRequired":true,"valueName":"search_term_string"}}],"inLanguage":"es"},{"@type":"Organization","@id":"https:\/\/karesantegroupe.com\/#organization","name":"Kare Sant\u00e9 Groupe","url":"https:\/\/karesantegroupe.com\/","logo":{"@type":"ImageObject","inLanguage":"es","@id":"https:\/\/karesantegroupe.com\/#\/schema\/logo\/image\/","url":"https:\/\/karesantegroupe.com\/wp-content\/uploads\/2025\/10\/KARE-SANTE_HORIZONTAL_COULEURS-scaled.png","contentUrl":"https:\/\/karesantegroupe.com\/wp-content\/uploads\/2025\/10\/KARE-SANTE_HORIZONTAL_COULEURS-scaled.png","width":2560,"height":951,"caption":"Kare Sant\u00e9 Groupe"},"image":{"@id":"https:\/\/karesantegroupe.com\/#\/schema\/logo\/image\/"},"sameAs":["https:\/\/www.facebook.com\/people\/Cartepharmaclub\/100083269878462\/","https:\/\/www.instagram.com\/kare_le_club\/","https:\/\/www.linkedin.com\/company\/karesante\/"]}]}},"_links":{"self":[{"href":"https:\/\/karesantegroupe.com\/es\/wp-json\/wp\/v2\/pages\/8133","targetHints":{"allow":["GET"]}}],"collection":[{"href":"https:\/\/karesantegroupe.com\/es\/wp-json\/wp\/v2\/pages"}],"about":[{"href":"https:\/\/karesantegroupe.com\/es\/wp-json\/wp\/v2\/types\/page"}],"author":[{"embeddable":true,"href":"https:\/\/karesantegroupe.com\/es\/wp-json\/wp\/v2\/users\/6"}],"replies":[{"embeddable":true,"href":"https:\/\/karesantegroupe.com\/es\/wp-json\/wp\/v2\/comments?post=8133"}],"version-history":[{"count":13,"href":"https:\/\/karesantegroupe.com\/es\/wp-json\/wp\/v2\/pages\/8133\/revisions"}],"predecessor-version":[{"id":9395,"href":"https:\/\/karesantegroupe.com\/es\/wp-json\/wp\/v2\/pages\/8133\/revisions\/9395"}],"wp:attachment":[{"href":"https:\/\/karesantegroupe.com\/es\/wp-json\/wp\/v2\/media?parent=8133"}],"curies":[{"name":"wp","href":"https:\/\/api.w.org\/{rel}","templated":true}]}}